{"id":15255,"date":"2015-04-09T13:26:37","date_gmt":"2015-04-09T13:26:37","guid":{"rendered":"http:\/\/demo.qodeinteractive.com\/bridge71\/?page_id=15255"},"modified":"2025-12-04T15:16:52","modified_gmt":"2025-12-04T14:16:52","slug":"homepage","status":"publish","type":"page","link":"https:\/\/hjortknudsen.com\/da\/","title":{"rendered":"Home"},"content":{"rendered":"<div class=\"wpb-content-wrapper\"><p>[vc_row css_animation=&#8221;&#8221; row_type=&#8221;row&#8221; use_row_as_full_screen_section=&#8221;no&#8221; type=&#8221;grid&#8221; angled_section=&#8221;no&#8221; text_align=&#8221;center&#8221; background_image_as_pattern=&#8221;without_pattern&#8221; padding_bottom=&#8221;65&#8243;][vc_column offset=&#8221;vc_col-lg-offset-2 vc_col-lg-8 vc_col-md-offset-1 vc_col-md-10&#8243;][vc_single_image image=&#8221;15419&#8243; img_size=&#8221;full&#8221; alignment=&#8221;center&#8221; qode_css_animation=&#8221;&#8221;][vc_separator type=&#8221;transparent&#8221; up=&#8221;23&#8243; down=&#8221;0&#8243;][vc_column_text]<\/p>\n<h3 style=\"text-align: center;\" align=\"center\"><span lang=\"DA\">Dansk komfort siden 1973<\/span><\/h3>\n<p>[\/vc_column_text][vc_separator type=&#8221;transparent&#8221; up=&#8221;15&#8243; down=&#8221;0&#8243;][vc_column_text]<\/p>\n<h4 style=\"text-align: center;\" align=\"center\"><span lang=\"DA\">Hjort Knudsen er en dansk familieejet m\u00f8belproducent grundlagt i 1973 med udgangspunkt i innovation og godt h\u00e5ndv\u00e6rk.<br \/>\nVi designer, producerer og s\u00e6lger til vores detailkunder i mere end 11 lande i Europa. Virksomheden er kendt i m\u00f8belbranchen som en meget innovativ virksomhed. Hjort Knudsen er udvikler og indehaver af adskillige patenterede teknikker, der forbedrer brugerens komfort i m\u00f8blet. Derudover skaber Hjort Knudsen mange designs \u2013 fra den gode klassiske sofa og stol til polsterm\u00f8bler i et moderne formsprog.<\/span><\/h4>\n<h4 style=\"text-align: center;\">Hjort Knudsen er en B t B virksomhed og s\u00e6lger udelukkende sine m\u00f8bler via anerkendte m\u00f8belbutikker.<\/h4>\n<h4 style=\"text-align: center;\">.<\/h4>\n<p>[\/vc_column_text][\/vc_column][\/vc_row][vc_row css_animation=&#8221;&#8221; row_type=&#8221;row&#8221; use_row_as_full_screen_section=&#8221;no&#8221; type=&#8221;grid&#8221; angled_section=&#8221;no&#8221; text_align=&#8221;center&#8221; background_image_as_pattern=&#8221;without_pattern&#8221;][vc_column][vc_column_text][\/vc_column_text][\/vc_column][\/vc_row][vc_row row_type=&#8221;parallax&#8221; parallax_content_width=&#8221;full_width&#8221; text_align=&#8221;center&#8221; full_screen_section_height=&#8221;no&#8221; background_image=&#8221;15971&#8243; section_height=&#8221;600&#8243; parallax_speed=&#8221;0&#8243;][vc_column][vc_row_inner row_type=&#8221;row&#8221; type=&#8221;full_width&#8221; text_align=&#8221;center&#8221; css_animation=&#8221;&#8221; padding_top=&#8221;105&#8243; padding_bottom=&#8221;40&#8243;][vc_column_inner width=&#8221;1\/3&#8243; css=&#8221;.vc_custom_1762934247245{padding-right: 40px !important;padding-left: 40px !important;}&#8221;][vc_single_image image=&#8221;15968&#8243; img_size=&#8221;full&#8221; alignment=&#8221;center&#8221; onclick=&#8221;custom_link&#8221; qode_css_animation=&#8221;&#8221; link=&#8221;http:\/\/hjortknudsen.com\/design-og-teknik\/funktioner\/&#8221;][vc_separator type=&#8221;transparent&#8221; up=&#8221;23&#8243; down=&#8221;0&#8243;][vc_column_text css=&#8221;&#8221;]<\/p>\n<h5 style=\"text-align: center;\"><span style=\"color: #ffffff;\">H\u00f8j komfort<\/span><\/h5>\n<p>[\/vc_column_text][vc_separator type=&#8221;small&#8221; position=&#8221;center&#8221; up=&#8221;7&#8243; down=&#8221;13&#8243; color=&#8221;#ffffff&#8221;][vc_column_text]<\/p>\n<p style=\"text-align: center;\"><span style=\"color: #ffffff;\">Vores stole, sofaer og senge sammens\u00e6ttes af kvalitetsmaterialer, som giver komfort og holdbarhed og mange af dem f\u00e5s med smarte funktioner, som giver ekstraordin\u00e6r god sidde og ligge komfort.<\/span><\/p>\n<p>[\/vc_column_text][vc_separator type=&#8221;transparent&#8221; up=&#8221;30&#8243; down=&#8221;0&#8243;]<a  itemprop=\"url\" href=\"..\/da\/saadan-fremstiller-vi-din-stol\" target=\"_self\"  class=\"qbutton  small center default\" style=\"\">S\u00e5dan laver vi din stol<\/a>[\/vc_column_inner][vc_column_inner width=&#8221;1\/3&#8243; css=&#8221;.vc_custom_1762934255326{padding-right: 40px !important;padding-left: 40px !important;}&#8221;][vc_single_image image=&#8221;15967&#8243; img_size=&#8221;full&#8221; alignment=&#8221;center&#8221; onclick=&#8221;custom_link&#8221; css=&#8221;.vc_custom_1566909773158{margin-top: 10px !important;}&#8221; qode_css_animation=&#8221;&#8221; link=&#8221;http:\/\/hjortknudsen.com\/design-og-teknik\/funktioner\/&#8221;][vc_separator type=&#8221;transparent&#8221; up=&#8221;23&#8243; down=&#8221;0&#8243;][vc_column_text css=&#8221;.vc_custom_1571137230145{margin-top: -10px !important;}&#8221;]<\/p>\n<h5 style=\"text-align: center;\"><span style=\"color: #ffffff;\">Fleksibilitet &#8211; Individualitet<br \/>\n<\/span><\/h5>\n<p>[\/vc_column_text][vc_separator type=&#8221;small&#8221; position=&#8221;center&#8221; up=&#8221;7&#8243; down=&#8221;13&#8243; color=&#8221;#ffffff&#8221;][vc_column_text]<\/p>\n<p style=\"text-align: center;\"><span style=\"color: #ffffff;\">Hjort Knudsens produktion mestrer et meget stort udvalg af st\u00f8rrelser, moduler, kombinationer, s\u00e6de- og rygvalg, s\u00e5 vores kunder kan tilbyde forbrugerne lige pr\u00e6cis det m\u00f8bel, de dr\u00f8mmer om.<\/span><\/p>\n<p>[\/vc_column_text][vc_separator type=&#8221;transparent&#8221; up=&#8221;30&#8243; down=&#8221;0&#8243;]<a  itemprop=\"url\" href=\"..\/da\/saadan-fremstiller-vi-din-sofa\" target=\"_self\"  class=\"qbutton  small center default\" style=\"\">S\u00e5dan laver vi din sofa<\/a>[\/vc_column_inner][vc_column_inner width=&#8221;1\/3&#8243; css=&#8221;.vc_custom_1762934264941{padding-right: 40px !important;padding-left: 40px !important;}&#8221;][vc_single_image image=&#8221;16564&#8243; img_size=&#8221;full&#8221; alignment=&#8221;center&#8221; onclick=&#8221;custom_link&#8221; css=&#8221;.vc_custom_1571730912245{margin-top: 0px !important;}&#8221; qode_css_animation=&#8221;&#8221; link=&#8221;http:\/\/hjortknudsen.com\/design-og-teknik\/stof-og-laederkvaliteter\/&#8221;][vc_separator type=&#8221;transparent&#8221; up=&#8221;23&#8243; down=&#8221;0&#8243;][vc_column_text]<\/p>\n<h5 style=\"text-align: center;\"><span style=\"color: #ffffff;\">Design med stof, l\u00e6der, tr\u00e6 og metal<br \/>\n<\/span><\/h5>\n<p>[\/vc_column_text][vc_separator type=&#8221;small&#8221; position=&#8221;center&#8221; up=&#8221;7&#8243; down=&#8221;13&#8243; color=&#8221;#ffffff&#8221;][vc_column_text]<\/p>\n<p style=\"text-align: center;\"><span style=\"color: #ffffff;\">Med vores store udvalg af tekstiler og l\u00e6der, samt ben, sokler og tr\u00e6, alle i et bredt udvalg af farver, f\u00e5r vores kunder mulighed for at skabe et helt unikt og personligt m\u00f8bel.<\/span><\/p>\n<p>[\/vc_column_text][vc_separator type=&#8221;transparent&#8221; up=&#8221;50&#8243; down=&#8221;0&#8243;][\/vc_column_inner][\/vc_row_inner][\/vc_column][\/vc_row][vc_row css_animation=&#8221;&#8221; row_type=&#8221;row&#8221; use_row_as_full_screen_section=&#8221;no&#8221; type=&#8221;full_width&#8221; angled_section=&#8221;no&#8221; text_align=&#8221;left&#8221; background_image_as_pattern=&#8221;without_pattern&#8221;][vc_column][vc_separator type=&#8221;normal&#8221; up=&#8221;0&#8243; down=&#8221;0&#8243;][\/vc_column][\/vc_row][vc_row css_animation=&#8221;&#8221; row_type=&#8221;row&#8221; use_row_as_full_screen_section=&#8221;no&#8221; type=&#8221;grid&#8221; angled_section=&#8221;no&#8221; text_align=&#8221;center&#8221; background_image_as_pattern=&#8221;without_pattern&#8221; padding_bottom=&#8221;30&#8243; padding_top=&#8221;70&#8243;][vc_column offset=&#8221;vc_col-lg-offset-2 vc_col-lg-8 vc_col-md-offset-1 vc_col-md-10&#8243;][vc_single_image image=&#8221;15447&#8243; img_size=&#8221;full&#8221; alignment=&#8221;center&#8221; qode_css_animation=&#8221;&#8221;][vc_separator type=&#8221;transparent&#8221; up=&#8221;23&#8243; down=&#8221;0&#8243;][vc_column_text]<\/p>\n<h3 style=\"text-align: center;\">Profil<\/h3>\n<p>[\/vc_column_text][vc_separator type=&#8221;transparent&#8221; up=&#8221;15&#8243; down=&#8221;0&#8243;][vc_column_text]<\/p>\n<h4 style=\"text-align: center;\">Hjort Knudsen er blandt de store leverand\u00f8rer af polsterm\u00f8bler til m\u00f8belbutikker i mange Europ\u00e6iske lande og har salgssupport i disse.<\/h4>\n<p>[\/vc_column_text][vc_single_image image=&#8221;15450&#8243; img_size=&#8221;full&#8221; alignment=&#8221;center&#8221; qode_css_animation=&#8221;&#8221;][\/vc_column][\/vc_row][vc_row css_animation=&#8221;&#8221; row_type=&#8221;row&#8221; use_row_as_full_screen_section=&#8221;no&#8221; type=&#8221;grid&#8221; angled_section=&#8221;no&#8221; text_align=&#8221;left&#8221; background_image_as_pattern=&#8221;without_pattern&#8221; padding_top=&#8221;0&#8243; padding_bottom=&#8221;20&#8243; z_index=&#8221;&#8221;][vc_column css=&#8221;.vc_custom_1568191821425{padding-right: 0px !important;padding-left: 0px !important;}&#8221;][vc_column_text css=&#8221;.vc_custom_1654689915782{margin-right: 20px !important;margin-left: 20px !important;}&#8221;]<\/p>\n<p style=\"text-align: center;\">Al produktion foreg\u00e5r p\u00e5 Hjort Knudsens egne fabrikker i Europa med 2600 dygtige medarbejdere.<\/p>\n<p style=\"text-align: center;\">Vores prototyper testes grundigt og hvert produceret produkt kvalitetskontrolleres for at leve op til vores h\u00f8je standarder.<\/p>\n<p style=\"text-align: center;\">Hjort Knudsen investerer l\u00f8bende i de nyeste teknologier, produktionsfaciliteter og ikke mindst dygtige medarbejdere, for at kunne skabe v\u00e6rdi for vores kunder ogs\u00e5 i fremtiden.<\/p>\n<p>[\/vc_column_text][\/vc_column][vc_column][vc_row_inner row_type=&#8221;row&#8221; type=&#8221;full_width&#8221; text_align=&#8221;left&#8221; css_animation=&#8221;&#8221;][vc_column_inner width=&#8221;1\/5&#8243;][\/vc_column_inner][vc_column_inner width=&#8221;1\/5&#8243;][\/vc_column_inner][vc_column_inner width=&#8221;1\/5&#8243; css=&#8221;.vc_custom_1568192743497{margin-left: 50px !important;}&#8221;][vc_separator type=&#8221;transparent&#8221;]<a  itemprop=\"url\" href=\"http:\/\/hjortknudsen.com\/about-us\/produktion\/\" target=\"_self\"  class=\"qbutton  small center default\" style=\"\">L\u00e6s mere<\/a>[vc_separator type=&#8221;transparent&#8221;][\/vc_column_inner][vc_column_inner width=&#8221;1\/5&#8243;][\/vc_column_inner][vc_column_inner width=&#8221;1\/5&#8243;][\/vc_column_inner][\/vc_row_inner][\/vc_column][\/vc_row][vc_row row_type=&#8221;parallax&#8221; parallax_content_width=&#8221;in_grid&#8221; text_align=&#8221;center&#8221; full_screen_section_height=&#8221;no&#8221; section_height=&#8221;435&#8243; parallax_speed=&#8221;0&#8243; background_image=&#8221;15478&#8243;][vc_column][vc_row_inner row_type=&#8221;row&#8221; type=&#8221;grid&#8221; text_align=&#8221;center&#8221; css_animation=&#8221;&#8221; padding_top=&#8221;105&#8243; padding_bottom=&#8221;70&#8243;][vc_column_inner][vc_single_image image=&#8221;15454&#8243; img_size=&#8221;full&#8221; alignment=&#8221;center&#8221; css=&#8221;&#8221; qode_css_animation=&#8221;&#8221;][vc_separator type=&#8221;transparent&#8221; up=&#8221;15&#8243; down=&#8221;0&#8243;][vc_column_text css=&#8221;.vc_custom_1573110977165{margin-top: 50px !important;}&#8221;]<\/p>\n<h5 style=\"text-align: center;\"><span style=\"color: #ffffff;\">\u201cVORES MISSION ER AT SKABE M\u00d8BLER, SOM BRINGER GL\u00c6DE OG KOMFORT IND I MENNESKERS LIV\u201d<\/span><\/h5>\n<p>[\/vc_column_text][vc_separator type=&#8221;transparent&#8221; up=&#8221;15&#8243; down=&#8221;0&#8243;][\/vc_column_inner][\/vc_row_inner][\/vc_column][\/vc_row]<\/p>\n<\/div>","protected":false},"excerpt":{"rendered":"<p>[vc_row css_animation=&#8221;&#8221; row_type=&#8221;row&#8221; use_row_as_full_screen_section=&#8221;no&#8221; type=&#8221;grid&#8221; angled_section=&#8221;no&#8221; text_align=&#8221;center&#8221; background_image_as_pattern=&#8221;without_pattern&#8221; padding_bottom=&#8221;65&#8243;][vc_column offset=&#8221;vc_col-lg-offset-2 vc_col-lg-8 vc_col-md-offset-1 vc_col-md-10&#8243;][vc_single_image image=&#8221;15419&#8243; img_size=&#8221;full&#8221; alignment=&#8221;center&#8221; qode_css_animation=&#8221;&#8221;][vc_separator type=&#8221;transparent&#8221; up=&#8221;23&#8243; down=&#8221;0&#8243;][vc_column_text] Dansk komfort siden 1973 [\/vc_column_text][vc_separator type=&#8221;transparent&#8221; up=&#8221;15&#8243; down=&#8221;0&#8243;][vc_column_text] Hjort Knudsen er en dansk familieejet m\u00f8belproducent grundlagt i 1973 med udgangspunkt i innovation og godt h\u00e5ndv\u00e6rk&#8230;.<\/p>\n","protected":false},"author":1,"featured_media":0,"parent":0,"menu_order":0,"comment_status":"open","ping_status":"open","template":"full_width.php","meta":{"footnotes":""},"class_list":["post-15255","page","type-page","status-publish","hentry"],"aioseo_notices":[],"_links":{"self":[{"href":"https:\/\/hjortknudsen.com\/da\/wp-json\/wp\/v2\/pages\/15255","targetHints":{"allow":["GET"]}}],"collection":[{"href":"https:\/\/hjortknudsen.com\/da\/wp-json\/wp\/v2\/pages"}],"about":[{"href":"https:\/\/hjortknudsen.com\/da\/wp-json\/wp\/v2\/types\/page"}],"author":[{"embeddable":true,"href":"https:\/\/hjortknudsen.com\/da\/wp-json\/wp\/v2\/users\/1"}],"replies":[{"embeddable":true,"href":"https:\/\/hjortknudsen.com\/da\/wp-json\/wp\/v2\/comments?post=15255"}],"version-history":[{"count":125,"href":"https:\/\/hjortknudsen.com\/da\/wp-json\/wp\/v2\/pages\/15255\/revisions"}],"predecessor-version":[{"id":21136,"href":"https:\/\/hjortknudsen.com\/da\/wp-json\/wp\/v2\/pages\/15255\/revisions\/21136"}],"wp:attachment":[{"href":"https:\/\/hjortknudsen.com\/da\/wp-json\/wp\/v2\/media?parent=15255"}],"curies":[{"name":"wp","href":"https:\/\/api.w.org\/{rel}","templated":true}]}}