{"id":15488,"date":"2019-07-10T10:11:12","date_gmt":"2019-07-10T08:11:12","guid":{"rendered":"http:\/\/test.hjortknudsen.dk\/?page_id=15488"},"modified":"2019-11-26T14:45:09","modified_gmt":"2019-11-26T13:45:09","slug":"funktioner","status":"publish","type":"page","link":"https:\/\/hjortknudsen.com\/da\/design-og-teknik\/funktioner\/","title":{"rendered":"Teknik og funktioner"},"content":{"rendered":"<div class=\"wpb-content-wrapper\"><p>[vc_row css_animation=&#8221;&#8221; row_type=&#8221;row&#8221; use_row_as_full_screen_section=&#8221;no&#8221; type=&#8221;full_width&#8221; angled_section=&#8221;no&#8221; text_align=&#8221;left&#8221; background_image_as_pattern=&#8221;without_pattern&#8221;][vc_column css=&#8221;.vc_custom_1565783097668{margin-bottom: 70px !important;}&#8221;][vc_column_text]<\/p>\n<h3>Det er vigtigt, at kroppen har mulighed for at \u00e6ndre stilling, mens vi sidder i et m\u00f8bel<\/h3>\n<p>[\/vc_column_text][\/vc_column][\/vc_row][vc_row css_animation=&#8221;&#8221; row_type=&#8221;row&#8221; use_row_as_full_screen_section=&#8221;yes&#8221; type=&#8221;full_width&#8221; angled_section=&#8221;no&#8221; text_align=&#8221;left&#8221; background_image_as_pattern=&#8221;without_pattern&#8221; z_index=&#8221;&#8221;][vc_column width=&#8221;1\/2&#8243;][vc_raw_html css=&#8221;.vc_custom_1568195718500{margin-bottom: 20px !important;}&#8221;]JTNDZGl2JTIwaXRlbXNjb3BlJTIwaXRlbXR5cGUlM0QlMjJodHRwcyUzQSUyRiUyRnNjaGVtYS5vcmclMkZWaWRlb09iamVjdCUyMiUzRSUzQ21ldGElMjBpdGVtcHJvcCUzRCUyMnVwbG9hZERhdGUlMjIlMjBjb250ZW50JTNEJTIyV2VkJTIwQXVnJTIwMTQlMjAyMDE5JTIwMTQlM0E0OSUzQTI2JTIwR01UJTJCMDIwMCUyMCUyOENFU1QlMjklMjIlMkYlM0UlM0NtZXRhJTIwaXRlbXByb3AlM0QlMjJuYW1lJTIyJTIwY29udGVudCUzRCUyMkhqb3J0JTIwS251ZHNlbiUyMC0lMjA1MDUyJTIwTW9kZWwlMjBGdW5jdGlvbnMlMjBXZWIlMjIlMkYlM0UlM0NtZXRhJTIwaXRlbXByb3AlM0QlMjJkdXJhdGlvbiUyMiUyMGNvbnRlbnQlM0QlMjJQVDQyLjc4UyUyMiUyMCUyRiUzRSUzQ21ldGElMjBpdGVtcHJvcCUzRCUyMnRodW1ibmFpbFVybCUyMiUyMGNvbnRlbnQlM0QlMjJodHRwcyUzQSUyRiUyRmNvbnRlbnQuandwbGF0Zm9ybS5jb20lMkZ0aHVtYnMlMkZQdVRnaTR4eC0xOTIwLmpwZyUyMiUyRiUzRSUzQ21ldGElMjBpdGVtcHJvcCUzRCUyMmNvbnRlbnRVcmwlMjIlMjBjb250ZW50JTNEJTIyaHR0cHMlM0ElMkYlMkZjb250ZW50Lmp3cGxhdGZvcm0uY29tJTJGdmlkZW9zJTJGUHVUZ2k0eHgtODBiTHBPb0MubXA0JTIyJTJGJTNFJTNDc2NyaXB0JTIwc3JjJTNEJTIyaHR0cHMlM0ElMkYlMkZjZG4uandwbGF5ZXIuY29tJTJGcGxheWVycyUyRlB1VGdpNHh4LXJlc0hpWEtvLmpzJTIyJTNFJTNDJTJGc2NyaXB0JTNFJTNDJTJGZGl2JTNF[\/vc_raw_html][\/vc_column][vc_column width=&#8221;1\/2&#8243;][vc_column_text css=&#8221;.vc_custom_1570000671119{margin-bottom: 10px !important;}&#8221;]<\/p>\n<h5><span lang=\"DA\">Funktioner som giver \u00f8get velv\u00e6re<\/span><\/h5>\n<p>[\/vc_column_text][vc_column_text css=&#8221;.vc_custom_1574775900070{margin-top: 10px !important;margin-bottom: 20px !important;}&#8221;]<\/p>\n<p class=\"BasicParagraph\"><span lang=\"DA\">Fra s\u00f8vnforskning ved man, at det er vigtigt for vores velbefindende, at vi ligger komfortabelt, og at kroppen \u00e6ndrer s\u00f8vnstilling i l\u00f8bet af natten. Men de f\u00e6rreste t\u00e6nker m\u00e5ske over at dette ogs\u00e5 g\u00f8r sig g\u00e6ldende, n\u00e5r vi sidder ned.<\/span><\/p>\n<p class=\"BasicParagraph\"><span lang=\"DA\">Hos Hjort Knudsen har vi igennem mange \u00e5r udviklet et bredt udvalg af stole med et v\u00e6ld af funktioner. For eksempel recliner-ryg, drejesokkel, indstillelig nakkest\u00f8tte og indbygget fodskammel. Disse indstillinger giver kroppen den ultimative mulighed for at skifte og tilpasse hvilestilling.<\/span><\/p>\n<p>[\/vc_column_text][\/vc_column][\/vc_row][vc_row css_animation=&#8221;&#8221; row_type=&#8221;row&#8221; use_row_as_full_screen_section=&#8221;no&#8221; type=&#8221;full_width&#8221; angled_section=&#8221;no&#8221; text_align=&#8221;left&#8221; background_image_as_pattern=&#8221;without_pattern&#8221;][vc_column css=&#8221;.vc_custom_1568199494519{margin-bottom: 0px !important;}&#8221;][rev_slider_vc alias=&#8221;Chair&#8221;][vc_column_text css=&#8221;.vc_custom_1568199813972{margin-right: 30px !important;margin-bottom: -30px !important;}&#8221;]Tilsvarende har mange Hjort Knudsen sofaer mulighed for f.eks. indbygget fodskammel eller forskellig s\u00e6dedybde.[\/vc_column_text][rev_slider_vc alias=&#8221;sofa&#8221;][\/vc_column][\/vc_row][vc_row css_animation=&#8221;&#8221; row_type=&#8221;row&#8221; use_row_as_full_screen_section=&#8221;no&#8221; type=&#8221;full_width&#8221; angled_section=&#8221;no&#8221; text_align=&#8221;left&#8221; background_image_as_pattern=&#8221;without_pattern&#8221;][vc_column][vc_empty_space height=&#8221;80&#8243;][\/vc_column][\/vc_row][vc_row css_animation=&#8221;&#8221; row_type=&#8221;row&#8221; use_row_as_full_screen_section=&#8221;no&#8221; type=&#8221;full_width&#8221; angled_section=&#8221;no&#8221; text_align=&#8221;left&#8221; background_image_as_pattern=&#8221;without_pattern&#8221;][vc_column][vc_empty_space height=&#8221;50&#8243;][\/vc_column][\/vc_row]<\/p>\n<\/div>","protected":false},"excerpt":{"rendered":"<p>[vc_row css_animation=&#8221;&#8221; row_type=&#8221;row&#8221; use_row_as_full_screen_section=&#8221;no&#8221; type=&#8221;full_width&#8221; angled_section=&#8221;no&#8221; text_align=&#8221;left&#8221; background_image_as_pattern=&#8221;without_pattern&#8221;][vc_column css=&#8221;.vc_custom_1565783097668{margin-bottom: 70px !important;}&#8221;][vc_column_text] Det er vigtigt, at kroppen har mulighed for at \u00e6ndre stilling, mens vi sidder i et m\u00f8bel [\/vc_column_text][\/vc_column][\/vc_row][vc_row css_animation=&#8221;&#8221; row_type=&#8221;row&#8221; use_row_as_full_screen_section=&#8221;yes&#8221; type=&#8221;full_width&#8221; angled_section=&#8221;no&#8221; text_align=&#8221;left&#8221; background_image_as_pattern=&#8221;without_pattern&#8221; z_index=&#8221;&#8221;][vc_column width=&#8221;1\/2&#8243;][vc_raw_html css=&#8221;.vc_custom_1568195718500{margin-bottom: 20px !important;}&#8221;]JTNDZGl2JTIwaXRlbXNjb3BlJTIwaXRlbXR5cGUlM0QlMjJodHRwcyUzQSUyRiUyRnNjaGVtYS5vcmclMkZWaWRlb09iamVjdCUyMiUzRSUzQ21ldGElMjBpdGVtcHJvcCUzRCUyMnVwbG9hZERhdGUlMjIlMjBjb250ZW50JTNEJTIyV2VkJTIwQXVnJTIwMTQlMjAyMDE5JTIwMTQlM0E0OSUzQTI2JTIwR01UJTJCMDIwMCUyMCUyOENFU1QlMjklMjIlMkYlM0UlM0NtZXRhJTIwaXRlbXByb3AlM0QlMjJuYW1lJTIyJTIwY29udGVudCUzRCUyMkhqb3J0JTIwS251ZHNlbiUyMC0lMjA1MDUyJTIwTW9kZWwlMjBGdW5jdGlvbnMlMjBXZWIlMjIlMkYlM0UlM0NtZXRhJTIwaXRlbXByb3AlM0QlMjJkdXJhdGlvbiUyMiUyMGNvbnRlbnQlM0QlMjJQVDQyLjc4UyUyMiUyMCUyRiUzRSUzQ21ldGElMjBpdGVtcHJvcCUzRCUyMnRodW1ibmFpbFVybCUyMiUyMGNvbnRlbnQlM0QlMjJodHRwcyUzQSUyRiUyRmNvbnRlbnQuandwbGF0Zm9ybS5jb20lMkZ0aHVtYnMlMkZQdVRnaTR4eC0xOTIwLmpwZyUyMiUyRiUzRSUzQ21ldGElMjBpdGVtcHJvcCUzRCUyMmNvbnRlbnRVcmwlMjIlMjBjb250ZW50JTNEJTIyaHR0cHMlM0ElMkYlMkZjb250ZW50Lmp3cGxhdGZvcm0uY29tJTJGdmlkZW9zJTJGUHVUZ2k0eHgtODBiTHBPb0MubXA0JTIyJTJGJTNFJTNDc2NyaXB0JTIwc3JjJTNEJTIyaHR0cHMlM0ElMkYlMkZjZG4uandwbGF5ZXIuY29tJTJGcGxheWVycyUyRlB1VGdpNHh4LXJlc0hpWEtvLmpzJTIyJTNFJTNDJTJGc2NyaXB0JTNFJTNDJTJGZGl2JTNF[\/vc_raw_html][\/vc_column][vc_column width=&#8221;1\/2&#8243;][vc_column_text css=&#8221;.vc_custom_1570000671119{margin-bottom: 10px !important;}&#8221;]&#8230;<\/p>\n","protected":false},"author":1,"featured_media":0,"parent":15480,"menu_order":0,"comment_status":"closed","ping_status":"closed","template":"","meta":{"footnotes":""},"class_list":["post-15488","page","type-page","status-publish","hentry"],"aioseo_notices":[],"_links":{"self":[{"href":"https:\/\/hjortknudsen.com\/da\/wp-json\/wp\/v2\/pages\/15488","targetHints":{"allow":["GET"]}}],"collection":[{"href":"https:\/\/hjortknudsen.com\/da\/wp-json\/wp\/v2\/pages"}],"about":[{"href":"https:\/\/hjortknudsen.com\/da\/wp-json\/wp\/v2\/types\/page"}],"author":[{"embeddable":true,"href":"https:\/\/hjortknudsen.com\/da\/wp-json\/wp\/v2\/users\/1"}],"replies":[{"embeddable":true,"href":"https:\/\/hjortknudsen.com\/da\/wp-json\/wp\/v2\/comments?post=15488"}],"version-history":[{"count":105,"href":"https:\/\/hjortknudsen.com\/da\/wp-json\/wp\/v2\/pages\/15488\/revisions"}],"predecessor-version":[{"id":18204,"href":"https:\/\/hjortknudsen.com\/da\/wp-json\/wp\/v2\/pages\/15488\/revisions\/18204"}],"up":[{"embeddable":true,"href":"https:\/\/hjortknudsen.com\/da\/wp-json\/wp\/v2\/pages\/15480"}],"wp:attachment":[{"href":"https:\/\/hjortknudsen.com\/da\/wp-json\/wp\/v2\/media?parent=15488"}],"curies":[{"name":"wp","href":"https:\/\/api.w.org\/{rel}","templated":true}]}}