{"id":15490,"date":"2019-07-10T10:17:40","date_gmt":"2019-07-10T08:17:40","guid":{"rendered":"http:\/\/test.hjortknudsen.dk\/?page_id=15490"},"modified":"2019-12-17T13:24:40","modified_gmt":"2019-12-17T12:24:40","slug":"stof-og-laederkvaliteter","status":"publish","type":"page","link":"https:\/\/hjortknudsen.com\/da\/design-og-teknik\/stof-og-laederkvaliteter\/","title":{"rendered":"Stof, l\u00e6der, tr\u00e6 og metal"},"content":{"rendered":"<div class=\"wpb-content-wrapper\"><p>[vc_row css_animation=&#8221;&#8221; row_type=&#8221;row&#8221; use_row_as_full_screen_section=&#8221;no&#8221; type=&#8221;full_width&#8221; angled_section=&#8221;no&#8221; text_align=&#8221;left&#8221; background_image_as_pattern=&#8221;without_pattern&#8221; z_index=&#8221;&#8221; css=&#8221;.vc_custom_1568200489945{margin-bottom: 50px !important;}&#8221;][vc_column width=&#8221;1\/2&#8243;][vc_empty_space height=&#8221;50&#8243;][vc_column_text css=&#8221;.vc_custom_1573112434136{padding-right: 30px !important;padding-bottom: 20px !important;}&#8221;]Et m\u00f8bel kan have vidt forskellige udtryk alt efter hvilket design det har. Med 5 forskellige l\u00e6dertyper i 52 forskellige farver og mere end 78 typer tekstiler i 420 farver og m\u00f8nstre tilbyder vi vores kunder et meget bredt udvalg. Det er kunden der afg\u00f8r, hvad vi producerer &#8211; ikke os.[\/vc_column_text][\/vc_column][vc_column width=&#8221;1\/2&#8243;][vc_single_image image=&#8221;16417&#8243; img_size=&#8221;800&#215;800&#8243; qode_css_animation=&#8221;&#8221;][\/vc_column][\/vc_row][vc_row css_animation=&#8221;&#8221; row_type=&#8221;row&#8221; use_row_as_full_screen_section=&#8221;no&#8221; type=&#8221;full_width&#8221; angled_section=&#8221;no&#8221; text_align=&#8221;left&#8221; background_image_as_pattern=&#8221;without_pattern&#8221; css=&#8221;.vc_custom_1568200583435{margin-bottom: 50px !important;padding-bottom: 0px !important;}&#8221; z_index=&#8221;&#8221;][vc_column width=&#8221;1\/2&#8243;][vc_single_image image=&#8221;15797&#8243; img_size=&#8221;500&#215;500&#8243; qode_css_animation=&#8221;&#8221;][\/vc_column][vc_column width=&#8221;1\/2&#8243;][vc_empty_space height=&#8221;50&#8243;][vc_column_text css=&#8221;.vc_custom_1576585445383{margin-bottom: 10px !important;}&#8221;]<\/p>\n<h5>Tekstiler<\/h5>\n<p>[\/vc_column_text][vc_column_text css=&#8221;.vc_custom_1574775958019{padding-right: 30px !important;}&#8221;]Tekstilerne er testet for holdbarhed, farve\u00e6gthed, og pilling.\u00a0Alle tekstilerne overholder EU\u2019s kemikalielovgivning, REACH.<\/p>\n<p>Til det engelske marked benyttes skum og stoffer, som overholder den engelske s\u00e6rlovgivning\u00a0 ang. \u201dFire safety\u201d.[\/vc_column_text][\/vc_column][\/vc_row][vc_row css_animation=&#8221;&#8221; row_type=&#8221;row&#8221; use_row_as_full_screen_section=&#8221;no&#8221; type=&#8221;full_width&#8221; angled_section=&#8221;no&#8221; text_align=&#8221;left&#8221; background_image_as_pattern=&#8221;without_pattern&#8221; css=&#8221;.vc_custom_1568200680504{margin-bottom: 50px !important;}&#8221; z_index=&#8221;&#8221;][vc_column width=&#8221;1\/2&#8243;][vc_empty_space height=&#8221;50&#8243;][vc_column_text css=&#8221;.vc_custom_1576585457105{margin-bottom: 10px !important;}&#8221;]<\/p>\n<h5>L\u00e6der<\/h5>\n<p>[\/vc_column_text][vc_column_text css=&#8221;.vc_custom_1574775979776{padding-right: 30px !important;padding-bottom: 20px !important;}&#8221;]Vores l\u00e6der er, ligesom vores tekstiler, fremstillet i overensstemmelse med g\u00e6ldende love (REACH) og regler. P\u00e5 den m\u00e5de sikrer vi, at l\u00e6deret er milj\u00f8venligt med en lav m\u00e6ngde kemikalier.[\/vc_column_text][\/vc_column][vc_column width=&#8221;1\/2&#8243;][vc_single_image image=&#8221;15798&#8243; img_size=&#8221;800&#215;800&#8243; qode_css_animation=&#8221;&#8221; css=&#8221;.vc_custom_1568200694266{margin-bottom: 0px !important;}&#8221;][\/vc_column][\/vc_row][vc_row css_animation=&#8221;&#8221; row_type=&#8221;row&#8221; use_row_as_full_screen_section=&#8221;no&#8221; type=&#8221;full_width&#8221; angled_section=&#8221;no&#8221; text_align=&#8221;left&#8221; background_image_as_pattern=&#8221;without_pattern&#8221; z_index=&#8221;&#8221; css=&#8221;.vc_custom_1568200738139{margin-bottom: 50px !important;}&#8221;][vc_column width=&#8221;1\/2&#8243;][vc_single_image image=&#8221;16278&#8243; img_size=&#8221;500&#215;500&#8243; qode_css_animation=&#8221;&#8221;][\/vc_column][vc_column width=&#8221;1\/2&#8243;][vc_empty_space height=&#8221;50&#8243;][vc_column_text css=&#8221;.vc_custom_1576585467230{margin-bottom: 10px !important;}&#8221;]<\/p>\n<h5>Tr\u00e6<\/h5>\n<p>[\/vc_column_text][vc_column_text]<\/p>\n<p class=\"Standard\"><span lang=\"DA\">For at fuldende det perfekte look p\u00e5 et Hjort Knudsen m\u00f8bel er det muligt <\/span><\/p>\n<p class=\"Standard\"><span lang=\"DA\">at v\u00e6lge mellem mange forskellige tr\u00e6farver p\u00e5 ben, sokler og arml\u00e6n. Afh\u00e6ngigt af modellen kan der v\u00e6lges mellem b\u00f8g i for eksempel: brun, lakeret valn\u00f8d, sort, mahogni, ubehandlet og olieret. Man kan ogs\u00e5 v\u00e6lge egetr\u00e6 i for eksempel: hvidolieret, ubehandlet, lakeret og olieret.<\/span><\/p>\n<p class=\"Standard\"><span lang=\"DA\">B\u00e5de b\u00f8g og eg er naturlige materialer og varierer derfor i m\u00f8nstre, farver <\/span><\/p>\n<p class=\"Standard\"><span lang=\"DA\">og struktur. P\u00e5 den m\u00e5de bliver hvert m\u00f8bel unikt.<\/span><\/p>\n<p>[\/vc_column_text][\/vc_column][\/vc_row][vc_row css_animation=&#8221;&#8221; row_type=&#8221;row&#8221; use_row_as_full_screen_section=&#8221;no&#8221; type=&#8221;full_width&#8221; angled_section=&#8221;no&#8221; text_align=&#8221;left&#8221; background_image_as_pattern=&#8221;without_pattern&#8221; css=&#8221;.vc_custom_1568200763702{margin-bottom: 50px !important;}&#8221; z_index=&#8221;&#8221;][vc_column width=&#8221;1\/2&#8243;][vc_empty_space height=&#8221;50&#8243;][vc_column_text css=&#8221;.vc_custom_1576585477209{margin-bottom: 10px !important;}&#8221;]<\/p>\n<h5>Metal<\/h5>\n<p>[\/vc_column_text][vc_column_text css=&#8221;.vc_custom_1571664189557{padding-right: 30px !important;padding-bottom: 20px !important;}&#8221;]<\/p>\n<p class=\"Standard\"><span lang=\"DA\">Hjort Knudsens m\u00f8bler f\u00e5s med et utal af sokler og ben i metal. Lige fra b\u00f8rstet st\u00e5l til sort til mat guld.<\/span><\/p>\n<p>[\/vc_column_text][\/vc_column][vc_column width=&#8221;1\/2&#8243;][vc_single_image image=&#8221;16259&#8243; img_size=&#8221;800&#215;800&#8243; qode_css_animation=&#8221;&#8221;][\/vc_column][\/vc_row][vc_row css_animation=&#8221;&#8221; row_type=&#8221;row&#8221; use_row_as_full_screen_section=&#8221;no&#8221; type=&#8221;full_width&#8221; angled_section=&#8221;no&#8221; text_align=&#8221;left&#8221; background_image_as_pattern=&#8221;without_pattern&#8221;][vc_column][vc_empty_space height=&#8221;80&#8243;][\/vc_column][\/vc_row]<\/p>\n<\/div>","protected":false},"excerpt":{"rendered":"<p>[vc_row css_animation=&#8221;&#8221; row_type=&#8221;row&#8221; use_row_as_full_screen_section=&#8221;no&#8221; type=&#8221;full_width&#8221; angled_section=&#8221;no&#8221; text_align=&#8221;left&#8221; background_image_as_pattern=&#8221;without_pattern&#8221; z_index=&#8221;&#8221; css=&#8221;.vc_custom_1568200489945{margin-bottom: 50px !important;}&#8221;][vc_column width=&#8221;1\/2&#8243;][vc_empty_space height=&#8221;50&#8243;][vc_column_text css=&#8221;.vc_custom_1573112434136{padding-right: 30px !important;padding-bottom: 20px !important;}&#8221;]Et m\u00f8bel kan have vidt forskellige udtryk alt efter hvilket design det har. Med 5 forskellige l\u00e6dertyper i 52 forskellige farver og mere end 78 typer tekstiler&#8230;<\/p>\n","protected":false},"author":1,"featured_media":0,"parent":15480,"menu_order":0,"comment_status":"closed","ping_status":"closed","template":"","meta":{"footnotes":""},"class_list":["post-15490","page","type-page","status-publish","hentry"],"aioseo_notices":[],"_links":{"self":[{"href":"https:\/\/hjortknudsen.com\/da\/wp-json\/wp\/v2\/pages\/15490","targetHints":{"allow":["GET"]}}],"collection":[{"href":"https:\/\/hjortknudsen.com\/da\/wp-json\/wp\/v2\/pages"}],"about":[{"href":"https:\/\/hjortknudsen.com\/da\/wp-json\/wp\/v2\/types\/page"}],"author":[{"embeddable":true,"href":"https:\/\/hjortknudsen.com\/da\/wp-json\/wp\/v2\/users\/1"}],"replies":[{"embeddable":true,"href":"https:\/\/hjortknudsen.com\/da\/wp-json\/wp\/v2\/comments?post=15490"}],"version-history":[{"count":72,"href":"https:\/\/hjortknudsen.com\/da\/wp-json\/wp\/v2\/pages\/15490\/revisions"}],"predecessor-version":[{"id":18781,"href":"https:\/\/hjortknudsen.com\/da\/wp-json\/wp\/v2\/pages\/15490\/revisions\/18781"}],"up":[{"embeddable":true,"href":"https:\/\/hjortknudsen.com\/da\/wp-json\/wp\/v2\/pages\/15480"}],"wp:attachment":[{"href":"https:\/\/hjortknudsen.com\/da\/wp-json\/wp\/v2\/media?parent=15490"}],"curies":[{"name":"wp","href":"https:\/\/api.w.org\/{rel}","templated":true}]}}