{"id":15492,"date":"2019-07-10T10:18:23","date_gmt":"2019-07-10T08:18:23","guid":{"rendered":"http:\/\/test.hjortknudsen.dk\/?page_id=15492"},"modified":"2024-01-02T15:10:44","modified_gmt":"2024-01-02T14:10:44","slug":"haandvaerk","status":"publish","type":"page","link":"https:\/\/hjortknudsen.com\/da\/design-og-teknik\/haandvaerk\/","title":{"rendered":"H\u00e5ndv\u00e6rk og produktion"},"content":{"rendered":"<div class=\"wpb-content-wrapper\"><p>[vc_row css_animation=&#8221;&#8221; row_type=&#8221;row&#8221; use_row_as_full_screen_section=&#8221;no&#8221; type=&#8221;full_width&#8221; angled_section=&#8221;no&#8221; text_align=&#8221;left&#8221; background_image_as_pattern=&#8221;without_pattern&#8221;][vc_column][vc_column_text css=&#8221;.vc_custom_1571139290371{padding-bottom: 50px !important;}&#8221;]<\/p>\n<h3>At fremstille et m\u00f8bel er stadig en h\u00e5ndv\u00e6rksm\u00e6ssig proces<\/h3>\n<p>[\/vc_column_text][\/vc_column][\/vc_row][vc_row css_animation=&#8221;&#8221; row_type=&#8221;row&#8221; use_row_as_full_screen_section=&#8221;no&#8221; type=&#8221;grid&#8221; angled_section=&#8221;no&#8221; text_align=&#8221;left&#8221; background_image_as_pattern=&#8221;without_pattern&#8221; z_index=&#8221;&#8221; css=&#8221;.vc_custom_1568193684328{margin-bottom: 50px !important;}&#8221;][vc_column width=&#8221;1\/2&#8243;][vc_single_image image=&#8221;16419&#8243; img_size=&#8221;500&#215;500&#8243; qode_css_animation=&#8221;&#8221;][\/vc_column][vc_column width=&#8221;1\/2&#8243;][vc_empty_space height=&#8221;25&#8243;][vc_column_text css=&#8221;.vc_custom_1573112092419{margin-bottom: 10px !important;padding-right: 30px !important;}&#8221;]<\/p>\n<h5><span lang=\"DA\">Produktion af h\u00e5ndlavede m\u00f8bler siden 1973<\/span><\/h5>\n<p>[\/vc_column_text][vc_column_text css=&#8221;.vc_custom_1704204633758{padding-right: 30px !important;}&#8221;]<\/p>\n<p class=\"standard\"><span lang=\"DA\">Side 1973 har Hjort Knudsen lavet kvalitetsm\u00f8bler p\u00e5 egne fabrikker. Her har vi erfarne, veluddannede fagfolk der arbejder side om side med h\u00f8jteknologiske maskiner. Vi ved, at erfaring og faglighed har stor betydning for et m\u00f8bels detaljer og kvalitet. En god finish og en ordentlig kvalitetskontrol kr\u00e6ver b\u00e5de en \u00f8vet h\u00e5nd og et tr\u00e6net \u00f8je. Med en stor produktion har vi mulighed for at tilbyde m\u00f8bler til attraktive priser. Hjort Knudsen producerer mange delkomponenter selv. P\u00e5 denne m\u00e5de kontrollerer vi b\u00e5de kvalitet og leveringssikkerhed. Dette g\u00e6lder f.eks. formst\u00f8bt skum og alle metal- og tr\u00e6stel.<\/span><\/p>\n<p>&nbsp;<\/p>\n<p><strong>Hvad best\u00e5r et Hjort Knudsen m\u00f8bel af?<\/strong><\/p>\n<p><span lang=\"DA\">M\u00f8blerne fra Hjort Knudsen er bygget til at holde. Grundelementerne er enten af solidt tr\u00e6 eller birketr\u00e6s krydslaminat, og rammerne er af jern med st\u00e6rke Nosag fjedre I ryggen. Med undtagelse af enkelte modeller, indeholder alle sofaer koldskum i arml\u00e6n, s\u00e6de- og ryghynder.<\/span><\/p>\n<p><span lang=\"DA\">L\u00e6nestolene har ogs\u00e5 koldskum og Nosag fjedre I b\u00e5de s\u00e6de og ryg. <\/span><\/p>\n<p><span lang=\"DA\">Her er arml\u00e6nene, i mods\u00e6tning til sofaerne, konstrueret i birketr\u00e6s-krydsfiner.<\/span>[\/vc_column_text][\/vc_column][\/vc_row][vc_row css_animation=&#8221;&#8221; row_type=&#8221;row&#8221; use_row_as_full_screen_section=&#8221;no&#8221; type=&#8221;full_width&#8221; angled_section=&#8221;no&#8221; text_align=&#8221;left&#8221; background_image_as_pattern=&#8221;without_pattern&#8221; css=&#8221;.vc_custom_1568193873266{margin-bottom: 50px !important;}&#8221; z_index=&#8221;&#8221;][vc_column width=&#8221;1\/2&#8243;][vc_empty_space height=&#8221;50&#8243;][vc_column_text css=&#8221;.vc_custom_1576584597513{margin-bottom: 10px !important;padding-right: 30px !important;}&#8221;]<\/p>\n<h5><span lang=\"DA\">Godt h\u00e5ndv\u00e6rk er m\u00f8bler man kan leve i<\/span><\/h5>\n<p>[\/vc_column_text][vc_column_text css=&#8221;.vc_custom_1574775831790{margin-bottom: 20px !important;padding-right: 30px !important;}&#8221;]<\/p>\n<p class=\"standard\"><span lang=\"DA\">Hjort Knudsens designteam arbejder hele tiden p\u00e5 at udvikle nye designs og optimere eksisterende designs. Dette g\u00f8r de ud fra en erfaring om, hvad der fungerer bedst rent ergonomisk samt med tanke for m\u00f8blernes hverdagsbrug. Designteamet udvikler hvert \u00e5r nye m\u00f8bler. De lader sig inspirere af ikoniske designs, samt design der udspringer af de nyeste trends.<\/span><\/p>\n<p class=\"standard\"><span lang=\"DA\">Vi omgiver os dagligt med m\u00f8bler, og derfor skal de ikke kun v\u00e6re smukke at se p\u00e5. De skal ogs\u00e5 v\u00e6re holdbare, komfortable og give kroppen mulighed for at indtage forskellige positioner.<\/span><\/p>\n<p class=\"standard\"><span lang=\"DA\">Mennesker er forskellige og har helt individuelle \u00f8nsker og behov. Derfor tilbyder vi vores kunder produkter med en bred vifte af muligheder. Forskellige sofaopstillinger, flere h\u00e5rdheder i ryg- og s\u00e6defyld, arm- og benvarianter samt over 400 forskellige dessin muligheder.<\/span><\/p>\n<p>[\/vc_column_text][\/vc_column][vc_column width=&#8221;1\/2&#8243;][vc_single_image image=&#8221;16058&#8243; img_size=&#8221;full&#8221; qode_css_animation=&#8221;&#8221;][\/vc_column][\/vc_row][vc_row css_animation=&#8221;&#8221; row_type=&#8221;row&#8221; use_row_as_full_screen_section=&#8221;no&#8221; type=&#8221;full_width&#8221; angled_section=&#8221;no&#8221; text_align=&#8221;left&#8221; background_image_as_pattern=&#8221;without_pattern&#8221; z_index=&#8221;&#8221; css=&#8221;.vc_custom_1568193792186{margin-bottom: 50px !important;}&#8221;][vc_column width=&#8221;1\/2&#8243;][vc_single_image image=&#8221;16061&#8243; img_size=&#8221;full&#8221; qode_css_animation=&#8221;&#8221;][\/vc_column][vc_column width=&#8221;1\/2&#8243;][vc_empty_space height=&#8221;50&#8243;][vc_column_text css=&#8221;.vc_custom_1576584646813{margin-bottom: 10px !important;}&#8221;]<\/p>\n<h5><span class=\"s1\"><span lang=\"DA\">Dygtige fagfolk<\/span><\/span><b><\/b><\/h5>\n<p>[\/vc_column_text][vc_column_text css=&#8221;.vc_custom_1574775771645{padding-right: 30px !important;}&#8221;]Produktion af m\u00f8bler er stadig et sp\u00f8rgsm\u00e5l om godt h\u00e5ndv\u00e6rk. Hjort Knudsen besk\u00e6ftiger et stort antal dygtige fagfolk, som alle er veluddannede indenfor hver deres speciale som f.eks. snedkere, smede og syersker.[\/vc_column_text][\/vc_column][\/vc_row][vc_row css_animation=&#8221;&#8221; row_type=&#8221;row&#8221; use_row_as_full_screen_section=&#8221;no&#8221; type=&#8221;full_width&#8221; angled_section=&#8221;no&#8221; text_align=&#8221;left&#8221; background_image_as_pattern=&#8221;without_pattern&#8221;][vc_column][vc_empty_space height=&#8221;60&#8243;][\/vc_column][\/vc_row][vc_row css_animation=&#8221;&#8221; row_type=&#8221;row&#8221; use_row_as_full_screen_section=&#8221;no&#8221; type=&#8221;full_width&#8221; angled_section=&#8221;no&#8221; text_align=&#8221;left&#8221; background_image_as_pattern=&#8221;without_pattern&#8221;][vc_column width=&#8221;1\/5&#8243;][vc_single_image image=&#8221;15825&#8243; img_size=&#8221;400&#215;400&#8243; qode_css_animation=&#8221;&#8221; css=&#8221;.vc_custom_1568194256189{padding-bottom: 7px !important;}&#8221;][vc_column_text]Syerske[\/vc_column_text][vc_empty_space height=&#8221;15&#8243;][\/vc_column][vc_column width=&#8221;1\/5&#8243;][vc_single_image image=&#8221;15826&#8243; img_size=&#8221;400&#215;400&#8243; qode_css_animation=&#8221;&#8221; css=&#8221;.vc_custom_1568194262338{padding-bottom: 7px !important;}&#8221;][vc_column_text]Smed[\/vc_column_text][vc_empty_space height=&#8221;15&#8243;][\/vc_column][vc_column width=&#8221;1\/5&#8243;][vc_single_image image=&#8221;15827&#8243; img_size=&#8221;400&#215;400&#8243; qode_css_animation=&#8221;&#8221; css=&#8221;.vc_custom_1568194270632{padding-bottom: 7px !important;}&#8221;][vc_column_text]Produktion[\/vc_column_text][vc_empty_space height=&#8221;15&#8243;][\/vc_column][vc_column width=&#8221;1\/5&#8243;][vc_single_image image=&#8221;16136&#8243; img_size=&#8221;400&#215;400&#8243; qode_css_animation=&#8221;&#8221; css=&#8221;.vc_custom_1568194277975{padding-bottom: 7px !important;}&#8221;][vc_column_text]L\u00e6derspecialist[\/vc_column_text][vc_empty_space height=&#8221;15&#8243;][\/vc_column][vc_column width=&#8221;1\/5&#8243;][vc_single_image image=&#8221;15829&#8243; img_size=&#8221;400&#215;400&#8243; qode_css_animation=&#8221;&#8221; css=&#8221;.vc_custom_1568194283773{padding-bottom: 7px !important;}&#8221;][vc_column_text]M\u00f8belpolstrer[\/vc_column_text][vc_empty_space height=&#8221;15&#8243;][\/vc_column][\/vc_row][vc_row css_animation=&#8221;&#8221; row_type=&#8221;row&#8221; use_row_as_full_screen_section=&#8221;no&#8221; type=&#8221;full_width&#8221; angled_section=&#8221;no&#8221; text_align=&#8221;left&#8221; background_image_as_pattern=&#8221;without_pattern&#8221;][vc_column][vc_empty_space height=&#8221;80&#8243;][\/vc_column][\/vc_row][vc_row css_animation=&#8221;&#8221; row_type=&#8221;row&#8221; use_row_as_full_screen_section=&#8221;no&#8221; type=&#8221;full_width&#8221; angled_section=&#8221;no&#8221; text_align=&#8221;left&#8221; background_image_as_pattern=&#8221;without_pattern&#8221;][vc_column css=&#8221;.vc_custom_1568194209720{margin-bottom: 75px !important;}&#8221;]<span class=\"separator_with_icon\" style='color:#233b55;'><i class=\"fa fa-film\"><\/i><\/span>[\/vc_column][\/vc_row][vc_row css_animation=&#8221;&#8221; row_type=&#8221;row&#8221; use_row_as_full_screen_section=&#8221;no&#8221; type=&#8221;full_width&#8221; angled_section=&#8221;no&#8221; text_align=&#8221;left&#8221; background_image_as_pattern=&#8221;without_pattern&#8221;][vc_column width=&#8221;1\/2&#8243;][vc_empty_space height=&#8221;32&#8243;][vc_column_text]<\/p>\n<h5><span lang=\"DA\">En komfortstol bliver til<\/span><\/h5>\n<p>[\/vc_column_text][vc_raw_html]JTNDZGl2JTIwaXRlbXNjb3BlJTIwaXRlbXR5cGUlM0QlMjJodHRwcyUzQSUyRiUyRnNjaGVtYS5vcmclMkZWaWRlb09iamVjdCUyMiUzRSUzQ21ldGElMjBpdGVtcHJvcCUzRCUyMnVwbG9hZERhdGUlMjIlMjBjb250ZW50JTNEJTIyRnJpJTIwQXByJTIwMjklMjAyMDE2JTIwMTElM0EzNCUzQTEyJTIwR01UJTJCMDIwMCUyMCUyOENFU1QlMjklMjIlMkYlM0UlM0NtZXRhJTIwaXRlbXByb3AlM0QlMjJuYW1lJTIyJTIwY29udGVudCUzRCUyMkhqb3J0JTIwS251ZHNlbiUyMC0lMjBIb3clMjB3ZSUyMG1ha2UlMjB5b3VyJTIwY2hhaXIlMjIlMkYlM0UlM0NtZXRhJTIwaXRlbXByb3AlM0QlMjJkdXJhdGlvbiUyMiUyMGNvbnRlbnQlM0QlMjJQVDJNMzQuOFMlMjIlMjAlMkYlM0UlM0NtZXRhJTIwaXRlbXByb3AlM0QlMjJ0aHVtYm5haWxVcmwlMjIlMjBjb250ZW50JTNEJTIyaHR0cHMlM0ElMkYlMkZjb250ZW50Lmp3cGxhdGZvcm0uY29tJTJGdGh1bWJzJTJGc2t6ZmlUd3otMTkyMC5qcGclMjIlMkYlM0UlM0NtZXRhJTIwaXRlbXByb3AlM0QlMjJjb250ZW50VXJsJTIyJTIwY29udGVudCUzRCUyMmh0dHBzJTNBJTJGJTJGY29udGVudC5qd3BsYXRmb3JtLmNvbSUyRnZpZGVvcyUyRnNremZpVHd6LTgwYkxwT29DLm1wNCUyMiUyRiUzRSUzQ3NjcmlwdCUyMHNyYyUzRCUyMmh0dHBzJTNBJTJGJTJGY2RuLmp3cGxheWVyLmNvbSUyRnBsYXllcnMlMkZza3pmaVR3ei1yZXNIaVhLby5qcyUyMiUzRSUzQyUyRnNjcmlwdCUzRSUzQyUyRmRpdiUzRQ==[\/vc_raw_html][\/vc_column][vc_column width=&#8221;1\/2&#8243;][vc_empty_space][vc_column_text]<\/p>\n<h5><span lang=\"DA\">En sofa bliver til<\/span><\/h5>\n<p>[\/vc_column_text][vc_raw_html]JTNDZGl2JTIwaXRlbXNjb3BlJTIwaXRlbXR5cGUlM0QlMjJodHRwcyUzQSUyRiUyRnNjaGVtYS5vcmclMkZWaWRlb09iamVjdCUyMiUzRSUzQ21ldGElMjBpdGVtcHJvcCUzRCUyMnVwbG9hZERhdGUlMjIlMjBjb250ZW50JTNEJTIyV2VkJTIwU2VwJTIwMTElMjAyMDE5JTIwMDklM0EwMyUzQTIxJTIwR01UJTJCMDIwMCUyMCUyOENFU1QlMjklMjIlMkYlM0UlM0NtZXRhJTIwaXRlbXByb3AlM0QlMjJuYW1lJTIyJTIwY29udGVudCUzRCUyMkhqb3J0JTIwS251ZHNlbiUyMEFzJTIwLSUyMEhvdyUyMFdlJTIwTWFrZSUyMFlvdXIlMjBTb2ZhJTIyJTJGJTNFJTNDbWV0YSUyMGl0ZW1wcm9wJTNEJTIyZHVyYXRpb24lMjIlMjBjb250ZW50JTNEJTIyUDBEJTIyJTIwJTJGJTNFJTNDbWV0YSUyMGl0ZW1wcm9wJTNEJTIydGh1bWJuYWlsVXJsJTIyJTIwY29udGVudCUzRCUyMmh0dHBzJTNBJTJGJTJGY29udGVudC5qd3BsYXRmb3JtLmNvbSUyRnRodW1icyUyRmtjVTcyTE9xLTEyODAuanBnJTIyJTJGJTNFJTNDbWV0YSUyMGl0ZW1wcm9wJTNEJTIyY29udGVudFVybCUyMiUyMGNvbnRlbnQlM0QlMjJodHRwcyUzQSUyRiUyRmNvbnRlbnQuandwbGF0Zm9ybS5jb20lMkZ2aWRlb3MlMkZrY1U3MkxPcS1GU2ZrOWFGMC5tcDQlMjIlMkYlM0UlM0NzY3JpcHQlMjBzcmMlM0QlMjJodHRwcyUzQSUyRiUyRmNkbi5qd3BsYXllci5jb20lMkZwbGF5ZXJzJTJGa2NVNzJMT3EtcmVzSGlYS28uanMlMjIlM0UlM0MlMkZzY3JpcHQlM0UlM0MlMkZkaXYlM0U=[\/vc_raw_html][\/vc_column][\/vc_row][vc_row css_animation=&#8221;&#8221; row_type=&#8221;row&#8221; use_row_as_full_screen_section=&#8221;no&#8221; type=&#8221;full_width&#8221; angled_section=&#8221;no&#8221; text_align=&#8221;left&#8221; background_image_as_pattern=&#8221;without_pattern&#8221;][vc_column][vc_empty_space height=&#8221;80&#8243;][\/vc_column][\/vc_row]<\/p>\n<\/div>","protected":false},"excerpt":{"rendered":"<p>[vc_row css_animation=&#8221;&#8221; row_type=&#8221;row&#8221; use_row_as_full_screen_section=&#8221;no&#8221; type=&#8221;full_width&#8221; angled_section=&#8221;no&#8221; text_align=&#8221;left&#8221; background_image_as_pattern=&#8221;without_pattern&#8221;][vc_column][vc_column_text css=&#8221;.vc_custom_1571139290371{padding-bottom: 50px !important;}&#8221;] At fremstille et m\u00f8bel er stadig en h\u00e5ndv\u00e6rksm\u00e6ssig proces [\/vc_column_text][\/vc_column][\/vc_row][vc_row css_animation=&#8221;&#8221; row_type=&#8221;row&#8221; use_row_as_full_screen_section=&#8221;no&#8221; type=&#8221;grid&#8221; angled_section=&#8221;no&#8221; text_align=&#8221;left&#8221; background_image_as_pattern=&#8221;without_pattern&#8221; z_index=&#8221;&#8221; css=&#8221;.vc_custom_1568193684328{margin-bottom: 50px !important;}&#8221;][vc_column width=&#8221;1\/2&#8243;][vc_single_image image=&#8221;16419&#8243; img_size=&#8221;500&#215;500&#8243; qode_css_animation=&#8221;&#8221;][\/vc_column][vc_column width=&#8221;1\/2&#8243;][vc_empty_space height=&#8221;25&#8243;][vc_column_text css=&#8221;.vc_custom_1573112092419{margin-bottom: 10px !important;padding-right: 30px !important;}&#8221;] Produktion af&#8230;<\/p>\n","protected":false},"author":1,"featured_media":0,"parent":15480,"menu_order":0,"comment_status":"closed","ping_status":"closed","template":"","meta":{"footnotes":""},"class_list":["post-15492","page","type-page","status-publish","hentry"],"aioseo_notices":[],"_links":{"self":[{"href":"https:\/\/hjortknudsen.com\/da\/wp-json\/wp\/v2\/pages\/15492","targetHints":{"allow":["GET"]}}],"collection":[{"href":"https:\/\/hjortknudsen.com\/da\/wp-json\/wp\/v2\/pages"}],"about":[{"href":"https:\/\/hjortknudsen.com\/da\/wp-json\/wp\/v2\/types\/page"}],"author":[{"embeddable":true,"href":"https:\/\/hjortknudsen.com\/da\/wp-json\/wp\/v2\/users\/1"}],"replies":[{"embeddable":true,"href":"https:\/\/hjortknudsen.com\/da\/wp-json\/wp\/v2\/comments?post=15492"}],"version-history":[{"count":241,"href":"https:\/\/hjortknudsen.com\/da\/wp-json\/wp\/v2\/pages\/15492\/revisions"}],"predecessor-version":[{"id":19803,"href":"https:\/\/hjortknudsen.com\/da\/wp-json\/wp\/v2\/pages\/15492\/revisions\/19803"}],"up":[{"embeddable":true,"href":"https:\/\/hjortknudsen.com\/da\/wp-json\/wp\/v2\/pages\/15480"}],"wp:attachment":[{"href":"https:\/\/hjortknudsen.com\/da\/wp-json\/wp\/v2\/media?parent=15492"}],"curies":[{"name":"wp","href":"https:\/\/api.w.org\/{rel}","templated":true}]}}