{"id":15494,"date":"2019-07-10T10:19:01","date_gmt":"2019-07-10T08:19:01","guid":{"rendered":"http:\/\/test.hjortknudsen.dk\/?page_id=15494"},"modified":"2024-04-15T10:53:18","modified_gmt":"2024-04-15T08:53:18","slug":"produktion","status":"publish","type":"page","link":"https:\/\/hjortknudsen.com\/da\/about-us\/produktion\/","title":{"rendered":"Profil"},"content":{"rendered":"<div class=\"wpb-content-wrapper\"><p>[vc_row css_animation=&#8221;&#8221; row_type=&#8221;row&#8221; use_row_as_full_screen_section=&#8221;no&#8221; type=&#8221;full_width&#8221; angled_section=&#8221;no&#8221; text_align=&#8221;left&#8221; background_image_as_pattern=&#8221;without_pattern&#8221; css=&#8221;.vc_custom_1566902865428{margin-bottom: 40px !important;}&#8221; z_index=&#8221;&#8221;][vc_column width=&#8221;1\/2&#8243;][vc_single_image image=&#8221;20034&#8243; img_size=&#8221;500&#215;500&#8243; qode_css_animation=&#8221;&#8221; css=&#8221;.vc_custom_1713171195942{margin-bottom: 50px !important;}&#8221;][\/vc_column][vc_column width=&#8221;1\/2&#8243;][vc_empty_space height=&#8221;30&#8243;][vc_column_text css=&#8221;.vc_custom_1565772861966{padding-right: 20px !important;padding-bottom: 20px !important;}&#8221;]<\/p>\n<h5>Om Hjort Knudsen<\/h5>\n<p>[\/vc_column_text][vc_column_text css=&#8221;.vc_custom_1574842353621{padding-right: 30px !important;}&#8221;]<span lang=\"DA\">Vi er en familieejet virksomhed, der designer, producerer og leverer moderne komfortstole, sofaer og senge, alt sammen polstret med en god kvalitet af koldskum eller dun. <\/span><\/p>\n<p><span lang=\"DA\">Vores mission er at skabe m\u00f8bler i et moderne og tidl\u00f8st design som bringer gl\u00e6de og komfort ind i menneskers liv.<\/span><\/p>\n<p><span lang=\"DA\">Virksomheden er kendt i m\u00f8belbranchen som en meget innovativ virksomhed og er udvikler og indehaver af adskillige patenterede teknikker der forbedrer brugerens komfort.<\/span><\/p>\n<p><span lang=\"DA\">Til hvert m\u00f8bel findes der et stort udvalg af muligheder b\u00e5de design- og komfortm\u00e6ssigt.<\/span><\/p>\n<p><span lang=\"DA\">Hjort Knudsen har til stadighed fokus p\u00e5 produktionsoptimeringer. Dette g\u00e6lder hele processen fra dessin, indk\u00f8b, produktion til\u00a0levering. Vi har s\u00e5ledes konstant fokus p\u00e5 at kunne levere den bedst mulige kvalitet til den bedst mulige pris. P\u00e5 den m\u00e5de skaber vi v\u00e6rdi for vores kunder \u2013 ogs\u00e5 i fremtiden.<\/span><\/p>\n<p><span lang=\"DA\">Vi leverer vores m\u00f8bler til vores kunder b\u00e5de i vores egne lastbiler og via containerbaseret salg.<\/span><\/p>\n<p><span lang=\"DA\">Hovedkontoret ligger i Vestjylland t\u00e6t p\u00e5 Billund Lufthavn. <\/span>[\/vc_column_text][\/vc_column][\/vc_row][vc_row css_animation=&#8221;&#8221; row_type=&#8221;row&#8221; use_row_as_full_screen_section=&#8221;no&#8221; type=&#8221;full_width&#8221; angled_section=&#8221;no&#8221; text_align=&#8221;left&#8221; background_image_as_pattern=&#8221;without_pattern&#8221;][vc_column width=&#8221;1\/2&#8243;][vc_empty_space height=&#8221;50&#8243;][vc_column_text css=&#8221;.vc_custom_1568201200463{padding-bottom: 20px !important;}&#8221;]<\/p>\n<h5>Fakta om Hjort Knudsen<\/h5>\n<p>[\/vc_column_text][vc_column_text css=&#8221;.vc_custom_1668589224601{padding-right: 30px !important;padding-bottom: 20px !important;}&#8221;]<\/p>\n<p class=\"standard\"><span lang=\"DA\">\u2022 90.000 m2 produktionsfaciliteter i Europa.<\/span><\/p>\n<p class=\"standard\"><span lang=\"DA\">\u2022 Salg til mere end 11 europ\u00e6iske lande samt overs\u00f8iske kunder. <\/span><\/p>\n<p class=\"standard\"><span lang=\"DA\">\u2022 Salgssupport\u00a0i bl.a. Danmark, Sverige, Norge, Finland, Holland, Tyskland, England, Frankrig, Schweiz og \u00d8strig.<\/span><\/p>\n<p class=\"standard\"><span lang=\"DA\">\u2022 2600 ansatte.<\/span><\/p>\n<p>[\/vc_column_text][\/vc_column][vc_column width=&#8221;1\/2&#8243;][vc_single_image image=&#8221;19550&#8243; img_size=&#8221;800&#215;800&#8243; qode_css_animation=&#8221;&#8221; css=&#8221;.vc_custom_1668589078091{margin-bottom: 50px !important;}&#8221;][\/vc_column][\/vc_row][vc_row css_animation=&#8221;&#8221; row_type=&#8221;row&#8221; use_row_as_full_screen_section=&#8221;no&#8221; type=&#8221;full_width&#8221; angled_section=&#8221;no&#8221; text_align=&#8221;left&#8221; background_image_as_pattern=&#8221;without_pattern&#8221;][vc_column width=&#8221;1\/2&#8243;][vc_single_image image=&#8221;16220&#8243; img_size=&#8221;500&#215;500&#8243; qode_css_animation=&#8221;&#8221; css=&#8221;.vc_custom_1566903862574{margin-bottom: 50px !important;}&#8221;][\/vc_column][vc_column width=&#8221;1\/2&#8243;][vc_empty_space height=&#8221;50&#8243;][vc_column_text css=&#8221;.vc_custom_1565767651061{padding-bottom: 20px !important;}&#8221;]<\/p>\n<h5>Kvalitet<\/h5>\n<p>[\/vc_column_text][vc_column_text css=&#8221;.vc_custom_1654690018944{padding-right: 30px !important;}&#8221;]<span lang=\"DA\">At producere et polsterm\u00f8bel er stadigv\u00e6k en h\u00e5ndv\u00e6rksm\u00e6ssig proces.<\/span><\/p>\n<p><span lang=\"DA\">Alle vores m\u00f8bler fremstilles p\u00e5 Hjort Knudsens egne fabrikker i Europa, hvor 2600 dygtige folk hver dag skaber stole, sofaer og senge fra start til slut. Det er ogs\u00e5 her vi tester vores m\u00f8bler og delkomponenter for langtidsholdbarhed. <\/span><\/p>\n<p><span lang=\"DA\">Vores medarbejdere f\u00f8lger vores h\u00f8je standarder, og den endelige kvalitetskontrol sikrer, at m\u00f8blet lever op til disse. Men et polsterm\u00f8bel som delvist best\u00e5r af bl\u00f8dere dele som koldskum og betr\u00e6k, kan have sm\u00e5 variationer \u2013 ellers var det ikke et h\u00e5ndv\u00e6rk.<\/span><\/p>\n<p><span lang=\"DA\">Hjort Knudsen har valgt selv at producere komponenter til m\u00f8blerne, for at kunne kontrollere kvaliteten samt leveringssikkerheden bedst muligt. Derfor producerer vi f.eks. vores egne formst\u00f8bte s\u00e6der\/hynder samt egne st\u00e5l- og tr\u00e6stel.<\/span><\/p>\n<p><span lang=\"DA\">Vi investerer l\u00f8bende i de nyeste teknologier, maskiner, produktionsfaciliteter og ikke mindst i dygtige medarbejdere for at fremtidssikre kvalitet og holdbarhed i produkterne.<\/span>[\/vc_column_text][\/vc_column][\/vc_row][vc_row css_animation=&#8221;&#8221; row_type=&#8221;row&#8221; use_row_as_full_screen_section=&#8221;no&#8221; type=&#8221;full_width&#8221; angled_section=&#8221;no&#8221; text_align=&#8221;left&#8221; background_image_as_pattern=&#8221;without_pattern&#8221;][vc_column width=&#8221;1\/2&#8243;][vc_empty_space][\/vc_column][vc_column width=&#8221;1\/2&#8243;][\/vc_column][\/vc_row]<\/p>\n<\/div>","protected":false},"excerpt":{"rendered":"<p>[vc_row css_animation=&#8221;&#8221; row_type=&#8221;row&#8221; use_row_as_full_screen_section=&#8221;no&#8221; type=&#8221;full_width&#8221; angled_section=&#8221;no&#8221; text_align=&#8221;left&#8221; background_image_as_pattern=&#8221;without_pattern&#8221; css=&#8221;.vc_custom_1566902865428{margin-bottom: 40px !important;}&#8221; z_index=&#8221;&#8221;][vc_column width=&#8221;1\/2&#8243;][vc_single_image image=&#8221;20034&#8243; img_size=&#8221;500&#215;500&#8243; qode_css_animation=&#8221;&#8221; css=&#8221;.vc_custom_1713171195942{margin-bottom: 50px !important;}&#8221;][\/vc_column][vc_column width=&#8221;1\/2&#8243;][vc_empty_space height=&#8221;30&#8243;][vc_column_text css=&#8221;.vc_custom_1565772861966{padding-right: 20px !important;padding-bottom: 20px !important;}&#8221;] Om Hjort Knudsen [\/vc_column_text][vc_column_text css=&#8221;.vc_custom_1574842353621{padding-right: 30px !important;}&#8221;]Vi er en familieejet virksomhed, der designer, producerer og leverer moderne komfortstole, sofaer&#8230;<\/p>\n","protected":false},"author":1,"featured_media":0,"parent":15317,"menu_order":0,"comment_status":"closed","ping_status":"closed","template":"","meta":{"footnotes":""},"class_list":["post-15494","page","type-page","status-publish","hentry"],"aioseo_notices":[],"_links":{"self":[{"href":"https:\/\/hjortknudsen.com\/da\/wp-json\/wp\/v2\/pages\/15494","targetHints":{"allow":["GET"]}}],"collection":[{"href":"https:\/\/hjortknudsen.com\/da\/wp-json\/wp\/v2\/pages"}],"about":[{"href":"https:\/\/hjortknudsen.com\/da\/wp-json\/wp\/v2\/types\/page"}],"author":[{"embeddable":true,"href":"https:\/\/hjortknudsen.com\/da\/wp-json\/wp\/v2\/users\/1"}],"replies":[{"embeddable":true,"href":"https:\/\/hjortknudsen.com\/da\/wp-json\/wp\/v2\/comments?post=15494"}],"version-history":[{"count":109,"href":"https:\/\/hjortknudsen.com\/da\/wp-json\/wp\/v2\/pages\/15494\/revisions"}],"predecessor-version":[{"id":20037,"href":"https:\/\/hjortknudsen.com\/da\/wp-json\/wp\/v2\/pages\/15494\/revisions\/20037"}],"up":[{"embeddable":true,"href":"https:\/\/hjortknudsen.com\/da\/wp-json\/wp\/v2\/pages\/15317"}],"wp:attachment":[{"href":"https:\/\/hjortknudsen.com\/da\/wp-json\/wp\/v2\/media?parent=15494"}],"curies":[{"name":"wp","href":"https:\/\/api.w.org\/{rel}","templated":true}]}}