{"id":15496,"date":"2019-07-10T10:19:23","date_gmt":"2019-07-10T08:19:23","guid":{"rendered":"http:\/\/test.hjortknudsen.dk\/?page_id=15496"},"modified":"2019-12-17T11:57:39","modified_gmt":"2019-12-17T10:57:39","slug":"historie","status":"publish","type":"page","link":"https:\/\/hjortknudsen.com\/da\/about-us\/historie\/","title":{"rendered":"Historie"},"content":{"rendered":"<div class=\"wpb-content-wrapper\"><p>[vc_row css_animation=&#8221;&#8221; row_type=&#8221;row&#8221; use_row_as_full_screen_section=&#8221;no&#8221; type=&#8221;full_width&#8221; angled_section=&#8221;no&#8221; text_align=&#8221;left&#8221; background_image_as_pattern=&#8221;without_pattern&#8221; z_index=&#8221;&#8221; css=&#8221;.vc_custom_1568202056059{margin-bottom: 50px !important;}&#8221;][vc_column width=&#8221;1\/2&#8243;][vc_single_image image=&#8221;16256&#8243; img_size=&#8221;500&#215;500&#8243; qode_css_animation=&#8221;&#8221;][\/vc_column][vc_column width=&#8221;1\/2&#8243;][vc_empty_space height=&#8221;50&#8243;][vc_column_text css=&#8221;.vc_custom_1564565417479{padding-bottom: 20px !important;}&#8221;]<\/p>\n<h5>Vores historie<\/h5>\n<p>[\/vc_column_text][vc_column_text css=&#8221;.vc_custom_1571729212727{padding-right: 30px !important;padding-bottom: 20px !important;}&#8221;]<\/p>\n<p class=\"BasicParagraph\"><span lang=\"DA\">Der skal mod, flid, dygtighed, lidt held og en stor portion st\u00e6dighed til for at f\u00e5 en nystartet virksomhed til at lykkes. Det havde Ina og Arne Hjort Knudsen. De \u00f8nskede at starte en lille virksomhed med produktion af penalhuse og skoletasker p\u00e5 hjemmeadressen tilbage i 1968.<\/span><\/p>\n<p class=\"BasicParagraph\"><span lang=\"DA\">Virksomheden voksede st\u00f8t i produktudbud og salgstal op igennem 80\u2019erne og 90\u2019erne. Herefter flyttede virksomheden til st\u00f8rre produktionslokaler og begyndte at producere komfortstole p\u00e5 drejesokkel og med recliner-ryg. Rundt omkring i landet blev m\u00f8blerne solgt i de danske m\u00f8belforretninger. Virksomheden besk\u00e6ftigede p\u00e5 dav\u00e6rende tidspunkt 20 medarbejdere.<\/span><\/p>\n<p>[\/vc_column_text][\/vc_column][\/vc_row][vc_row css_animation=&#8221;&#8221; row_type=&#8221;row&#8221; use_row_as_full_screen_section=&#8221;no&#8221; type=&#8221;full_width&#8221; angled_section=&#8221;no&#8221; text_align=&#8221;left&#8221; background_image_as_pattern=&#8221;without_pattern&#8221; css=&#8221;.vc_custom_1568202113120{margin-bottom: 50px !important;}&#8221; z_index=&#8221;&#8221;][vc_column width=&#8221;1\/2&#8243;][vc_empty_space height=&#8221;50&#8243;][vc_column_text css=&#8221;.vc_custom_1567687091304{padding-right: 30px !important;padding-bottom: 20px !important;}&#8221;]<\/p>\n<h5><span lang=\"DA\">Det nye internationale Hjort Knudsen tager form<\/span><\/h5>\n<p>[\/vc_column_text][vc_column_text css=&#8221;.vc_custom_1576580256217{padding-right: 30px !important;padding-bottom: 20px !important;}&#8221;]<\/p>\n<p class=\"basicparagraph\"><span lang=\"DA\">Siden 1997 har s\u00f8nnen Klaus Hjort Knudsen, sammen med sin hustru Ellen M\u00f8nsted, st\u00e5et i spidsen for virksomheden efter et vellykket generationsskifte som skabte \u201cHjort Knudsen A\/S\u201d.<\/span><\/p>\n<p class=\"basicparagraph\"><span lang=\"DA\">I en globaliseret verden med tilsvarende tilspidset konkurrencesituation besluttede virksomheden at k\u00f8be sine f\u00f8rste produktionskvadratmeter i Polen i \u00e5r 2000. 10 \u00e5r senere blev produktionen udvidet til Ukraine og senere hen ogs\u00e5 til England.<\/span><\/p>\n<p class=\"basicparagraph\"><span lang=\"DA\">I 2018 udvidede virksomheden sit sortiment med produktion af senge. Ogs\u00e5 her er der lagt v\u00e6gt p\u00e5 mange muligheder for at tilpasse sengen. Fra m\u00e5l, til opbygning, til sengegavl, til h\u00e5rdheder, betr\u00e6k, ben etc.<\/span><\/p>\n<p class=\"basicparagraph\"><span lang=\"DA\">Strategien er \u00a0at opn\u00e5 v\u00e6kst med nye attraktive m\u00f8beldesigns der samtidig giver kunden rig mulighed for at sammens\u00e6tte sit helt eget m\u00f8bel.<\/span><\/p>\n<p>[\/vc_column_text][\/vc_column][vc_column width=&#8221;1\/2&#8243;][vc_single_image image=&#8221;16153&#8243; img_size=&#8221;500&#215;500&#8243; qode_css_animation=&#8221;&#8221;][\/vc_column][\/vc_row][vc_row css_animation=&#8221;&#8221; row_type=&#8221;row&#8221; use_row_as_full_screen_section=&#8221;no&#8221; type=&#8221;full_width&#8221; angled_section=&#8221;no&#8221; text_align=&#8221;left&#8221; background_image_as_pattern=&#8221;without_pattern&#8221; z_index=&#8221;&#8221; css=&#8221;.vc_custom_1568202228852{margin-bottom: 50px !important;}&#8221;][vc_column width=&#8221;1\/2&#8243;][vc_single_image image=&#8221;16155&#8243; img_size=&#8221;500&#215;500&#8243; qode_css_animation=&#8221;&#8221;][\/vc_column][vc_column width=&#8221;1\/2&#8243;][vc_empty_space height=&#8221;50&#8243;][vc_column_text css=&#8221;.vc_custom_1571730241005{padding-right: 30px !important;padding-bottom: 20px !important;}&#8221;]<\/p>\n<h5>Hjort Knudsen i dag og i fremtiden<\/h5>\n<p>[\/vc_column_text][vc_column_text css=&#8221;.vc_custom_1574843149693{padding-right: 30px !important;padding-bottom: 20px !important;}&#8221;]<\/p>\n<p class=\"basicparagraph\"><span lang=\"DA\">I dag har vi produktion, salg og salgskontorer i flere europ\u00e6iske lande. 2300 dygtige medarbejdere arbejder p\u00e5 tv\u00e6rs af landegr\u00e6nser, for at vi kan levere det bedste til vores kunder.<\/span><\/p>\n<p class=\"basicparagraph\"><span lang=\"DA\">Vores hovedkontor er beliggende i Jylland n\u00e6r ved Billund lufthavn og den storsl\u00e5ede jyske vestkyst. <\/span><\/p>\n<p class=\"basicparagraph\"><span lang=\"DA\">\u00a0Fagkundskab, hands-on, ordentlighed og godt k\u00f8bmandskab er stadig kernen i virksomhedens v\u00e6rdier, som det i sin tid var i den lille iv\u00e6rks\u00e6ttervirksomhed.<\/span><\/p>\n<p>[\/vc_column_text][\/vc_column][\/vc_row][vc_row css_animation=&#8221;&#8221; row_type=&#8221;row&#8221; use_row_as_full_screen_section=&#8221;no&#8221; type=&#8221;full_width&#8221; angled_section=&#8221;no&#8221; text_align=&#8221;left&#8221; background_image_as_pattern=&#8221;without_pattern&#8221;][vc_column][vc_empty_space height=&#8221;80&#8243;][\/vc_column][\/vc_row]<\/p>\n<\/div>","protected":false},"excerpt":{"rendered":"<p>[vc_row css_animation=&#8221;&#8221; row_type=&#8221;row&#8221; use_row_as_full_screen_section=&#8221;no&#8221; type=&#8221;full_width&#8221; angled_section=&#8221;no&#8221; text_align=&#8221;left&#8221; background_image_as_pattern=&#8221;without_pattern&#8221; z_index=&#8221;&#8221; css=&#8221;.vc_custom_1568202056059{margin-bottom: 50px !important;}&#8221;][vc_column width=&#8221;1\/2&#8243;][vc_single_image image=&#8221;16256&#8243; img_size=&#8221;500&#215;500&#8243; qode_css_animation=&#8221;&#8221;][\/vc_column][vc_column width=&#8221;1\/2&#8243;][vc_empty_space height=&#8221;50&#8243;][vc_column_text css=&#8221;.vc_custom_1564565417479{padding-bottom: 20px !important;}&#8221;] Vores historie [\/vc_column_text][vc_column_text css=&#8221;.vc_custom_1571729212727{padding-right: 30px !important;padding-bottom: 20px !important;}&#8221;] Der skal mod, flid, dygtighed, lidt held og en stor portion st\u00e6dighed til for at f\u00e5&#8230;<\/p>\n","protected":false},"author":1,"featured_media":0,"parent":15317,"menu_order":0,"comment_status":"closed","ping_status":"closed","template":"","meta":{"footnotes":""},"class_list":["post-15496","page","type-page","status-publish","hentry"],"aioseo_notices":[],"_links":{"self":[{"href":"https:\/\/hjortknudsen.com\/da\/wp-json\/wp\/v2\/pages\/15496","targetHints":{"allow":["GET"]}}],"collection":[{"href":"https:\/\/hjortknudsen.com\/da\/wp-json\/wp\/v2\/pages"}],"about":[{"href":"https:\/\/hjortknudsen.com\/da\/wp-json\/wp\/v2\/types\/page"}],"author":[{"embeddable":true,"href":"https:\/\/hjortknudsen.com\/da\/wp-json\/wp\/v2\/users\/1"}],"replies":[{"embeddable":true,"href":"https:\/\/hjortknudsen.com\/da\/wp-json\/wp\/v2\/comments?post=15496"}],"version-history":[{"count":65,"href":"https:\/\/hjortknudsen.com\/da\/wp-json\/wp\/v2\/pages\/15496\/revisions"}],"predecessor-version":[{"id":15839,"href":"https:\/\/hjortknudsen.com\/da\/wp-json\/wp\/v2\/pages\/15496\/revisions\/15839"}],"up":[{"embeddable":true,"href":"https:\/\/hjortknudsen.com\/da\/wp-json\/wp\/v2\/pages\/15317"}],"wp:attachment":[{"href":"https:\/\/hjortknudsen.com\/da\/wp-json\/wp\/v2\/media?parent=15496"}],"curies":[{"name":"wp","href":"https:\/\/api.w.org\/{rel}","templated":true}]}}