{"id":15498,"date":"2019-07-10T10:23:13","date_gmt":"2019-07-10T08:23:13","guid":{"rendered":"http:\/\/test.hjortknudsen.dk\/?page_id=15498"},"modified":"2025-10-28T14:48:28","modified_gmt":"2025-10-28T13:48:28","slug":"ansvarlighed-og-miljoe","status":"publish","type":"page","link":"https:\/\/hjortknudsen.com\/da\/about-us\/ansvarlighed-og-miljoe\/","title":{"rendered":"Ansvarlighed"},"content":{"rendered":"<div class=\"wpb-content-wrapper\"><p>[vc_row css_animation=&#8221;&#8221; row_type=&#8221;row&#8221; use_row_as_full_screen_section=&#8221;no&#8221; type=&#8221;full_width&#8221; angled_section=&#8221;no&#8221; text_align=&#8221;left&#8221; background_image_as_pattern=&#8221;without_pattern&#8221; z_index=&#8221;&#8221; background_color=&#8221;#e4ebf0&#8243;][vc_column width=&#8221;1\/4&#8243;][vc_single_image image=&#8221;15912&#8243; img_size=&#8221;full&#8221; css=&#8221;.vc_custom_1565012374354{padding-bottom: 20px !important;}&#8221; qode_css_animation=&#8221;&#8221;][vc_single_image image=&#8221;15933&#8243; img_size=&#8221;full&#8221; css=&#8221;.vc_custom_1565012369821{padding-bottom: 20px !important;}&#8221; qode_css_animation=&#8221;&#8221;][\/vc_column][vc_column width=&#8221;3\/4&#8243; css=&#8221;.vc_custom_1564663455798{padding-left: 50px !important;}&#8221;][vc_column_text css=&#8221;.vc_custom_1568364997992{padding-bottom: 20px !important;}&#8221;]<\/p>\n<h5>Socialt ansvar<\/h5>\n<p>[\/vc_column_text][vc_column_text]<span lang=\"DA\">Hjort Knudsen har hoveds\u00e6de i Danmark, men vi arbejder p\u00e5 tv\u00e6rs af landegr\u00e6nser med kollegaer som bidrager til probleml\u00f8sning og udvikling hver dag. Vi respekterer de lande og lokalsamfund, vi er en del af, og st\u00f8tter ogs\u00e5 lokale projekter.<\/span><\/p>\n<p><span lang=\"DA\">Derudover har vi valgt at st\u00f8tte en SOS-b\u00f8rneby i de lande hvor vi har hovedproduktioner. N\u00e6rmere betegnet Ukraine og Polen. Vi har valgt\u00a0SOS-b\u00f8rnebyerne som et fler\u00e5rigt hovedsponsorat, s\u00e5 de kan arbejde langsigtet.<\/span>[\/vc_column_text][vc_single_image image=&#8221;15936&#8243; img_size=&#8221;200&#215;200&#8243; css=&#8221;.vc_custom_1565775087701{margin-top: 25px !important;padding-bottom: 20px !important;padding-left: -30px !important;}&#8221; qode_css_animation=&#8221;&#8221;][vc_column_text css=&#8221;.vc_custom_1704205317104{padding-bottom: 50px !important;}&#8221;]<span lang=\"DA\">Fra 2010-2019 st\u00f8ttede vi b\u00f8rnebyen Siedlce i det \u00f8stlige Polen. Fra 2010 og frem til i dag st\u00f8tter vi b\u00f8rnebyen i Brovary, 20 km fra Kiev i Ukraine.<\/span><\/p>\n<p><span lang=\"DA\">I b\u00f8rnebyerne bor b\u00f8rnene i huse med \u201ds\u00f8skende\u201d og en \u201dmor\u201d. De f\u00e5r skolegang og hj\u00e6lpes videre som unge med at st\u00e5 p\u00e5 egne ben og f\u00e5 en uddannelse eller arbejde.<\/span><\/p>\n<p><span lang=\"DA\">Derudover hj\u00e6lper b\u00f8rnebyerne ogs\u00e5 udsatte familier i n\u00e6romr\u00e5det. For eksempel n\u00e5r en kvinde pludselig bliver alene om at fors\u00f8rge sine b\u00f8rn eller har oplevet andre store, omv\u00e6ltende situationer.\u00a0B\u00f8rnebyen kan her yde hj\u00e6lpende samtaler, t\u00f8j til b\u00f8rnene, kontakt med b\u00f8rnene og sprede gl\u00e6de og samv\u00e6r ved hj\u00e6lp af forskellige aktiviteter. P\u00e5 den m\u00e5de brydes familiens isolation og der bliver plads til at tro p\u00e5 fremtiden igen.<\/span><\/p>\n<p><span lang=\"DA\">Vi er stolte over, at kunne v\u00e6re med til at st\u00f8tte en positiv udvikling for b\u00f8rn, som ikke kan vokse op hos sine for\u00e6ldre. Vi h\u00e5ber p\u00e5 denne m\u00e5de at st\u00f8tte op om en positiv udvikling i landene generelt.<\/span>[\/vc_column_text][vc_single_image image=&#8221;20583&#8243; img_size=&#8221;200&#215;200&#8243; css=&#8221;.vc_custom_1761659280877{padding-bottom: 20px !important;}&#8221; qode_css_animation=&#8221;&#8221;][vc_column_text css=&#8221;&#8221;]Hjort Knudsen st\u00f8tter Kn\u00e6k Cancer.[\/vc_column_text][\/vc_column][\/vc_row][vc_row css_animation=&#8221;&#8221; row_type=&#8221;row&#8221; use_row_as_full_screen_section=&#8221;no&#8221; type=&#8221;full_width&#8221; angled_section=&#8221;no&#8221; text_align=&#8221;left&#8221; background_image_as_pattern=&#8221;without_pattern&#8221;][vc_column][vc_empty_space height=&#8221;80&#8243;][\/vc_column][\/vc_row]<\/p>\n<\/div>","protected":false},"excerpt":{"rendered":"<p>[vc_row css_animation=&#8221;&#8221; row_type=&#8221;row&#8221; use_row_as_full_screen_section=&#8221;no&#8221; type=&#8221;full_width&#8221; angled_section=&#8221;no&#8221; text_align=&#8221;left&#8221; background_image_as_pattern=&#8221;without_pattern&#8221; z_index=&#8221;&#8221; background_color=&#8221;#e4ebf0&#8243;][vc_column width=&#8221;1\/4&#8243;][vc_single_image image=&#8221;15912&#8243; img_size=&#8221;full&#8221; css=&#8221;.vc_custom_1565012374354{padding-bottom: 20px !important;}&#8221; qode_css_animation=&#8221;&#8221;][vc_single_image image=&#8221;15933&#8243; img_size=&#8221;full&#8221; css=&#8221;.vc_custom_1565012369821{padding-bottom: 20px !important;}&#8221; qode_css_animation=&#8221;&#8221;][\/vc_column][vc_column width=&#8221;3\/4&#8243; css=&#8221;.vc_custom_1564663455798{padding-left: 50px !important;}&#8221;][vc_column_text css=&#8221;.vc_custom_1568364997992{padding-bottom: 20px !important;}&#8221;] Socialt ansvar [\/vc_column_text][vc_column_text]Hjort Knudsen har hoveds\u00e6de i Danmark, men vi arbejder p\u00e5 tv\u00e6rs af landegr\u00e6nser&#8230;<\/p>\n","protected":false},"author":1,"featured_media":0,"parent":15317,"menu_order":0,"comment_status":"closed","ping_status":"closed","template":"","meta":{"footnotes":""},"class_list":["post-15498","page","type-page","status-publish","hentry"],"aioseo_notices":[],"_links":{"self":[{"href":"https:\/\/hjortknudsen.com\/da\/wp-json\/wp\/v2\/pages\/15498","targetHints":{"allow":["GET"]}}],"collection":[{"href":"https:\/\/hjortknudsen.com\/da\/wp-json\/wp\/v2\/pages"}],"about":[{"href":"https:\/\/hjortknudsen.com\/da\/wp-json\/wp\/v2\/types\/page"}],"author":[{"embeddable":true,"href":"https:\/\/hjortknudsen.com\/da\/wp-json\/wp\/v2\/users\/1"}],"replies":[{"embeddable":true,"href":"https:\/\/hjortknudsen.com\/da\/wp-json\/wp\/v2\/comments?post=15498"}],"version-history":[{"count":54,"href":"https:\/\/hjortknudsen.com\/da\/wp-json\/wp\/v2\/pages\/15498\/revisions"}],"predecessor-version":[{"id":20589,"href":"https:\/\/hjortknudsen.com\/da\/wp-json\/wp\/v2\/pages\/15498\/revisions\/20589"}],"up":[{"embeddable":true,"href":"https:\/\/hjortknudsen.com\/da\/wp-json\/wp\/v2\/pages\/15317"}],"wp:attachment":[{"href":"https:\/\/hjortknudsen.com\/da\/wp-json\/wp\/v2\/media?parent=15498"}],"curies":[{"name":"wp","href":"https:\/\/api.w.org\/{rel}","templated":true}]}}