{"id":15548,"date":"2019-07-11T09:59:02","date_gmt":"2019-07-11T07:59:02","guid":{"rendered":"http:\/\/test.hjortknudsen.dk\/?page_id=15548"},"modified":"2019-10-07T14:42:35","modified_gmt":"2019-10-07T12:42:35","slug":"salgs-og-leveringsbetingelser","status":"publish","type":"page","link":"https:\/\/hjortknudsen.com\/da\/salgs-og-leveringsbetingelser\/","title":{"rendered":"Salgs- og leveringsbetingelser"},"content":{"rendered":"<div class=\"wpb-content-wrapper\"><p>[vc_row css_animation=&#8221;&#8221; row_type=&#8221;row&#8221; use_row_as_full_screen_section=&#8221;no&#8221; type=&#8221;full_width&#8221; angled_section=&#8221;no&#8221; text_align=&#8221;left&#8221; background_image_as_pattern=&#8221;without_pattern&#8221;][vc_column][vc_column_text css=&#8221;.vc_custom_1568202741542{padding-bottom: 20px !important;}&#8221;]<\/p>\n<h5>Almindelige salgs- og leveringsbetingelser<\/h5>\n<p>[\/vc_column_text][vc_column_text]<span lang=\"DA\">for medlemmer af M\u00d8BEL+INTERI\u00d8R brancheforeningen\u00a0<\/span><\/p>\n<p><span lang=\"DA\"><strong>Anvendelsesomr\u00e5de<\/strong>\u00a0<\/span><\/p>\n<p><span lang=\"DA\">Nedenst\u00e5ende almindelige salgs- og leveringsbetingelser g\u00e6lder alle s\u00e6lgers tilbud, salg og leverancer &#8211; ogs\u00e5\u00a0<\/span><span lang=\"DA\">hvor k\u00f8ber foreskriver andre betingelser. Afvigelser fra nedenst\u00e5ende salgs- og leveringsbetingelser er kun\u00a0<\/span><span lang=\"DA\">gyldige med s\u00e6lgers skriftlige accept.\u00a0<\/span><\/p>\n<p><strong><span lang=\"DA\">\u00a7 1 Leveringsklausuler\u00a0<\/span><\/strong><\/p>\n<p><span lang=\"DA\">Evt. aftalte leveringsklausuler fortolkes i henhold til de ved aftalens indg\u00e5else g\u00e6ldende Incoterms.\u00a0<\/span><span lang=\"DA\">S\u00e5fremt der ikke er truffet s\u00e6rlig aftale om en leveringsklausul, anses levering for sket \u201cab fabrik\u201d (\u201cex\u00a0<\/span><span lang=\"DA\">works\u201d).\u00a0<\/span><\/p>\n<p><strong><span lang=\"DA\">\u00a7 2 Forsikring\u00a0<\/span><\/strong><\/p>\n<p><span lang=\"DA\">Transportforsikring tegnes af k\u00f8ber, medmindre andet er aftalt.\u00a0<\/span><span lang=\"DA\">K\u00f8ber forpligter sig til ogs\u00e5 i \u00f8vrigt at holde varerne forsikrede.\u00a0<\/span><\/p>\n<p><strong><span lang=\"DA\">\u00a7 3 S\u00e6lgers forsinkelse\u00a0<\/span><\/strong><\/p>\n<p><span lang=\"DA\">Erfarer s\u00e6lger, at han ikke kan overholde den aftalte leveringstid, eller at forsinkelse fra hans side m\u00e5 anses\u00a0<\/span><span lang=\"DA\">for sandsynlig, skal han uden ugrundet ophold give k\u00f8ber meddelelse herom og samtidig angive\u00a0<\/span><span lang=\"DA\">\u00e5rsagen til forsinkelsen samt s\u00e5 vidt muligt det tidspunkt, hvor levering kan p\u00e5regnes at finde sted.\u00a0<\/span><\/p>\n<p><span lang=\"DA\">Hvis forsinkelsen med levering skyldes nogen af de i \u00a7 9 n\u00e6vnte omst\u00e6ndigheder (force majeure) eller\u00a0<\/span><span lang=\"DA\">k\u00f8bers handlinger eller undladelser, forl\u00e6nges leveringstiden i det omfang, hvori det efter\u00a0<\/span><span lang=\"DA\">omst\u00e6ndighederne sk\u00f8nnes rimeligt.\u00a0<\/span><\/p>\n<p><span lang=\"DA\">Denne bestemmelse finder anvendelse uanset, om \u00e5rsagen til forsinkelsen indtr\u00e6ffer f\u00f8r eller efter udl\u00f8bet\u00a0<\/span><span lang=\"DA\">af den aftalte leveringstid.\u00a0<\/span><\/p>\n<p><span lang=\"DA\">K\u00f8ber kan ikke h\u00e6ve aftalen grundet p\u00e5 leveringsforsinkelse, der kan tilregnes s\u00e6lger, medmindre\u00a0<\/span><span lang=\"DA\">forsinkelsen overstiger 3 m\u00e5neder.\u00a0<\/span><\/p>\n<p><span lang=\"DA\">K\u00f8ber kan ikke g\u00f8re erstatningsansvar g\u00e6ldende p\u00e5 grund af forsinkelse hos s\u00e6lger.\u00a0<\/span><\/p>\n<p><strong><span lang=\"DA\">\u00a7 4 K\u00f8bers forsinkelse\u00a0<\/span><\/strong><\/p>\n<p><span lang=\"DA\">Erfarer k\u00f8ber, at han ikke vil kunne modtage varerne p\u00e5 den aftalte dag, eller at forsinkelse fra hans side\u00a0<\/span><span lang=\"DA\">m\u00e5 anses som sandsynlig, skal han straks give s\u00e6lger skriftlig meddelelse herom og samtidig angive \u00e5rsagen\u00a0<\/span><span lang=\"DA\">til forsinkelsen samt s\u00e5 vidt muligt det tidspunkt, hvor modtagelsen kan p\u00e5regnes at kunne finde sted.\u00a0<\/span><\/p>\n<p><span lang=\"DA\">Uanset, at k\u00f8ber undlader at modtage varerne p\u00e5 det aftalte tidspunkt, er han forpligtet til at erl\u00e6gge\u00a0<\/span><span lang=\"DA\">enhver af levering betinget betaling, som om levering af de p\u00e5g\u00e6ldende varer havde fundet sted.\u00a0<\/span><\/p>\n<p><span lang=\"DA\">S\u00e6lger skal s\u00f8rge for, at varerne opbevares for k\u00f8bers regning og risiko. P\u00e5 k\u00f8bers anmodning skal s\u00e6lger\u00a0<\/span><span lang=\"DA\">forsikre varerne for k\u00f8bers regning.\u00a0<\/span><\/p>\n<p><span lang=\"DA\">S\u00e6lger er berettiget til skriftligt at opfordre k\u00f8ber til at modtage varerne inden for en frist af 15 dage.\u00a0<\/span><\/p>\n<p><span lang=\"DA\">Undlader k\u00f8ber at g\u00f8re dette inden for fristen af \u00e5rsager, som s\u00e6lger ikke b\u00e6rer ansvaret for, er s\u00e6lger\u00a0<\/span><span lang=\"DA\">berettiget til ved skriftlig meddelelse til k\u00f8ber at h\u00e6ve aftalen for den leveringsklare del af varerne, som\u00a0<\/span><span lang=\"DA\">ikke er modtaget p\u00e5 grund af k\u00f8bers forsinkelse.\u00a0<\/span><\/p>\n<p><span lang=\"DA\">S\u00e6lger har da ret til erstatning for den skade, som k\u00f8bers misligholdelse har p\u00e5f\u00f8rt ham.\u00a0<\/span><\/p>\n<p><strong><span lang=\"DA\">\u00a7 5 Betaling m.v.\u00a0<\/span><\/strong><\/p>\n<p><span lang=\"DA\">Med mindre andet er aftalt, forfalder k\u00f8besummen til kontant betaling ved varernes levering.\u00a0<\/span><\/p>\n<p><span lang=\"DA\">Erl\u00e6gger k\u00f8ber ikke betaling i rette tid, er s\u00e6lger berettiget til fra forfaldsdagen at kr\u00e6ve morarenter med\u00a0<\/span><span lang=\"DA\">1,5% pr. p\u00e5begyndt m\u00e5ned.\u00a0<\/span><\/p>\n<p><span lang=\"DA\">S\u00e5fremt k\u00f8ber \u00f8nsker at returnere varer, kan dette kun ske efter forudg\u00e5ende aftale med s\u00e6lger.\u00a0<\/span><\/p>\n<p><span lang=\"DA\">Returnering skal ske franko.\u00a0<\/span><\/p>\n<p><span lang=\"DA\">I tilf\u00e6lde af misligholdelse er k\u00f8ber (debitor) forpligtet til at betale alle omkostninger ved fordringens\u00a0<\/span><span lang=\"DA\">inddrivelse, herunder gebyrer og sal\u00e6rer til advokat, inkassobureau m.v.\u00a0<\/span><\/p>\n<p><strong><span lang=\"DA\">\u00a7 6 Ejendomsforbehold\u00a0<\/span><\/strong><\/p>\n<p><span lang=\"DA\">S\u00e6lger forbeholder sig sin ejendomsret til det solgte, indtil betaling fuldt ud har fundet sted.\u00a0<\/span><\/p>\n<p><span lang=\"DA\">Ved salg til Tyskland g\u00e6lder dog det ejendomsforbehold, der fremg\u00e5r af vedlagte till\u00e6g mrk. D98.\u00a0<\/span><\/p>\n<p><strong><span lang=\"DA\">\u00a7 7 Mangler\u00a0<\/span><\/strong><\/p>\n<p><span lang=\"DA\">S\u00e6lger forpligter sig til at afhj\u00e6lpe alle mangler, som skyldes fejl i konstruktion, materiale eller fremstilling\u00a0<\/span><span lang=\"DA\">ved at foretage reparation eller omlevering af varerne i overensstemmelse med nedenn\u00e6vnte punkter, men\u00a0<\/span><span lang=\"DA\">s\u00e6lger ifalder ikke erstatningsansvar som f\u00f8lge af mangler.\u00a0<\/span><\/p>\n<p><span lang=\"DA\">For tr\u00e6 g\u00e6lder, at mindre knaster samt forskelle i farve og struktur ikke betragtes som mangler. For l\u00e6der\u00a0<\/span><span lang=\"DA\">g\u00e6lder, at v\u00e6kstm\u00e6rker ikke betragtes som mangler, men som et tegn p\u00e5 \u00e6gthed.\u00a0<\/span><\/p>\n<p><span lang=\"DA\">S\u00e6lgers ansvar omfatter kun de mangler, der viser sig inden for 2 \u00e5r fra den dag, da varen blev leveret til\u00a0<\/span><span lang=\"DA\">k\u00f8ber.\u00a0<\/span><\/p>\n<p><span lang=\"DA\">M\u00e5tte k\u00f8ber konstatere mangler, skal k\u00f8ber straks skriftligt underrette s\u00e6lger herom.\u00a0<\/span><\/p>\n<p><strong><span lang=\"DA\">\u00a7 8 Produktansvar\u00a0<\/span><\/strong><\/p>\n<p><span lang=\"DA\">S\u00e6lger er kun ansvarlig for skade forvoldt af produktet p\u00e5 ting, hvis det bevises, at skaden skyldes fejl eller\u00a0<\/span><span lang=\"DA\">fors\u00f8mmelser beg\u00e5et af s\u00e6lger eller dennes ansatte. S\u00e6lger er i intet tilf\u00e6lde ansvarlig for driftstab, tabt\u00a0<\/span><span lang=\"DA\">fortjeneste eller andre \u00f8konomiske konsekvenstab.\u00a0<\/span><\/p>\n<p><span lang=\"DA\">I den udstr\u00e6kning, s\u00e6lger m\u00e5tte blive p\u00e5lagt produktansvar over for tredjemand, er k\u00f8ber forpligtet til at\u00a0<\/span><span lang=\"DA\">holde s\u00e6lger skadesl\u00f8s i samme omfang, som s\u00e6lgers ansvar er begr\u00e6nset efter de foreg\u00e5ende stykker. Hvis\u00a0<\/span><span lang=\"DA\">tredjemand frems\u00e6tter erstatningskrav mod k\u00f8ber pga. en produktskade, skal k\u00f8ber straks underrette\u00a0<\/span><span lang=\"DA\">s\u00e6lger herom.\u00a0<\/span><\/p>\n<p><strong><span lang=\"DA\">\u00a7 9 Force majeure\u00a0<\/span><\/strong><\/p>\n<p><span lang=\"DA\">F\u00f8lgende omst\u00e6ndigheder hos s\u00e6lger medf\u00f8rer ansvarsfrihed, s\u00e5fremt de forhindrer aftalens opfyldelse eller\u00a0<\/span><span lang=\"DA\">g\u00f8r opfyldelsen urimeligt byrdefuld.\u00a0<\/span><\/p>\n<p><span lang=\"DA\">Arbejdskonflikt og enhver anden omst\u00e6ndighed, som s\u00e6lger ikke er herre over, s\u00e5som brand, krig,\u00a0<\/span><span lang=\"DA\">mobilisering eller uforudsete milit\u00e6rindkaldelser af tilsvarende omfang, rekvirering, beslagl\u00e6ggelse,\u00a0<\/span><span lang=\"DA\">valutarestriktioner, opr\u00f8r og uroligheder, mangel p\u00e5 transportmidler, medmindre at denne mangel kunne\u00a0<\/span><span lang=\"DA\">forudses af s\u00e6lger, almindelig vareknaphed samt mangler ved eller forsinkelse af leverancer fra\u00a0<\/span><span lang=\"DA\">underleverand\u00f8rer, som skyldes nogen af de i dette punkt n\u00e6vnte omst\u00e6ndigheder.\u00a0<\/span><\/p>\n<p><span lang=\"DA\">Omst\u00e6ndigheder som n\u00e6vnt, der var indtruffet inden aftalens indg\u00e5else, medf\u00f8rer kun ansvarsfrihed,\u00a0<\/span><span lang=\"DA\">s\u00e5fremt deres indflydelse p\u00e5 aftalens opfyldelse ikke kunne forudses p\u00e5 aftaletidspunktet af s\u00e6lger.\u00a0<\/span><\/p>\n<p><span lang=\"DA\">Det p\u00e5hviler s\u00e6lger, s\u00e5fremt denne \u00f8nsker at p\u00e5ber\u00e5be sig nogen ansvarsfrihedsgrund som n\u00e6vnt i denne \u00a7,\u00a0<\/span><span lang=\"DA\">uden ugrundet ophold skriftligt at underrette k\u00f8ber om denne grund.\u00a0<\/span><\/p>\n<p><span lang=\"DA\">Uanset, hvad der i \u00f8vrigt fremg\u00e5r af n\u00e6rv\u00e6rende salgs- og leveringsbetingelser, kan enhver af parterne h\u00e6ve\u00a0<\/span><span lang=\"DA\">aftalen ved skriftlig meddelelse til den anden part, s\u00e5fremt aftalens opfyldelse hindres i mere end 6 mdr. af\u00a0<\/span><span lang=\"DA\">en begivenhed som n\u00e6vnt i denne \u00a7.\u00a0<\/span><\/p>\n<p><span lang=\"DA\"><strong>\u00a7 10 Tvister<\/strong>\u00a0<\/span><\/p>\n<p><span lang=\"DA\">Alle tvistigheder vedr\u00f8rende n\u00e6rv\u00e6rende kontrakt afg\u00f8res efter dansk ret.\u00a0<\/span><\/p>\n<p><span lang=\"DA\">Alle retssager skal anl\u00e6gges ved s\u00e6lgers eller k\u00f8bers v\u00e6rneting efter s\u00e6lgers valg.\u00a0<\/span><\/p>\n<p>&nbsp;<\/p>\n<p>\u00a9Copyright Association of Danish Furniture+Interior<\/p>\n<p>General Conditions of Sale and Terms of Delivery for Members of the Association of Danish Furniture+Interior 05.06\/PQO[\/vc_column_text][\/vc_column][\/vc_row][vc_row css_animation=&#8221;&#8221; row_type=&#8221;row&#8221; use_row_as_full_screen_section=&#8221;no&#8221; type=&#8221;full_width&#8221; angled_section=&#8221;no&#8221; text_align=&#8221;left&#8221; background_image_as_pattern=&#8221;without_pattern&#8221;][vc_column][vc_empty_space height=&#8221;80&#8243;][\/vc_column][\/vc_row]<\/p>\n<\/div>","protected":false},"excerpt":{"rendered":"<p>[vc_row css_animation=&#8221;&#8221; row_type=&#8221;row&#8221; use_row_as_full_screen_section=&#8221;no&#8221; type=&#8221;full_width&#8221; angled_section=&#8221;no&#8221; text_align=&#8221;left&#8221; background_image_as_pattern=&#8221;without_pattern&#8221;][vc_column][vc_column_text css=&#8221;.vc_custom_1568202741542{padding-bottom: 20px !important;}&#8221;] Almindelige salgs- og leveringsbetingelser [\/vc_column_text][vc_column_text]for medlemmer af M\u00d8BEL+INTERI\u00d8R brancheforeningen\u00a0 Anvendelsesomr\u00e5de\u00a0 Nedenst\u00e5ende almindelige salgs- og leveringsbetingelser g\u00e6lder alle s\u00e6lgers tilbud, salg og leverancer &#8211; ogs\u00e5\u00a0hvor k\u00f8ber foreskriver andre betingelser. Afvigelser fra nedenst\u00e5ende salgs- og leveringsbetingelser&#8230;<\/p>\n","protected":false},"author":1,"featured_media":0,"parent":0,"menu_order":0,"comment_status":"closed","ping_status":"closed","template":"","meta":{"footnotes":""},"class_list":["post-15548","page","type-page","status-publish","hentry"],"aioseo_notices":[],"_links":{"self":[{"href":"https:\/\/hjortknudsen.com\/da\/wp-json\/wp\/v2\/pages\/15548","targetHints":{"allow":["GET"]}}],"collection":[{"href":"https:\/\/hjortknudsen.com\/da\/wp-json\/wp\/v2\/pages"}],"about":[{"href":"https:\/\/hjortknudsen.com\/da\/wp-json\/wp\/v2\/types\/page"}],"author":[{"embeddable":true,"href":"https:\/\/hjortknudsen.com\/da\/wp-json\/wp\/v2\/users\/1"}],"replies":[{"embeddable":true,"href":"https:\/\/hjortknudsen.com\/da\/wp-json\/wp\/v2\/comments?post=15548"}],"version-history":[{"count":11,"href":"https:\/\/hjortknudsen.com\/da\/wp-json\/wp\/v2\/pages\/15548\/revisions"}],"predecessor-version":[{"id":16496,"href":"https:\/\/hjortknudsen.com\/da\/wp-json\/wp\/v2\/pages\/15548\/revisions\/16496"}],"wp:attachment":[{"href":"https:\/\/hjortknudsen.com\/da\/wp-json\/wp\/v2\/media?parent=15548"}],"curies":[{"name":"wp","href":"https:\/\/api.w.org\/{rel}","templated":true}]}}