{"id":15921,"date":"2019-08-05T15:07:40","date_gmt":"2019-08-05T13:07:40","guid":{"rendered":"http:\/\/test.hjortknudsen.dk\/?page_id=15921"},"modified":"2019-11-27T09:20:12","modified_gmt":"2019-11-27T08:20:12","slug":"miljoe-og-baeredygtighed","status":"publish","type":"page","link":"https:\/\/hjortknudsen.com\/da\/about-us\/miljoe-og-baeredygtighed\/","title":{"rendered":"Milj\u00f8"},"content":{"rendered":"<div class=\"wpb-content-wrapper\"><p>[vc_row css_animation=&#8221;&#8221; row_type=&#8221;row&#8221; use_row_as_full_screen_section=&#8221;no&#8221; type=&#8221;full_width&#8221; angled_section=&#8221;no&#8221; text_align=&#8221;left&#8221; background_image_as_pattern=&#8221;without_pattern&#8221; z_index=&#8221;&#8221; css=&#8221;.vc_custom_1568201304502{margin-bottom: 50px !important;}&#8221;][vc_column width=&#8221;1\/2&#8243;][vc_single_image image=&#8221;16403&#8243; img_size=&#8221;full&#8221; qode_css_animation=&#8221;&#8221;][\/vc_column][vc_column width=&#8221;1\/2&#8243;][vc_empty_space height=&#8221;50&#8243;][vc_column_text css=&#8221;.vc_custom_1568186089875{padding-bottom: 20px !important;}&#8221;]<\/p>\n<h5>Milj\u00f8<\/h5>\n<p>[\/vc_column_text][vc_column_text css=&#8221;.vc_custom_1574842806952{padding-right: 30px !important;padding-bottom: 20px !important;}&#8221;]<\/p>\n<p class=\"Standard\"><span lang=\"DA\">Hos Hjort Knudsen er der l\u00f8bende kritiske overvejelser ang\u00e5ende produktionsprocesserne \u2013 ogs\u00e5 i forhold til at producere milj\u00f8bevidst. Vi v\u00e6rds\u00e6tter, at EU de sidste 25 \u00e5r har haft fokus p\u00e5 at begr\u00e6nse udledning af farlige stoffer, hvilket har afledt kemikalielovgivningen REACH. Vi overholder gr\u00e6nsev\u00e6rdierne inden for denne lovgivning og forpligter samtidig vores underleverand\u00f8rer p\u00e5 at g\u00f8re det samme.<\/span><\/p>\n<p>[\/vc_column_text][\/vc_column][\/vc_row][vc_row css_animation=&#8221;&#8221; row_type=&#8221;row&#8221; use_row_as_full_screen_section=&#8221;no&#8221; type=&#8221;full_width&#8221; angled_section=&#8221;no&#8221; text_align=&#8221;left&#8221; background_image_as_pattern=&#8221;without_pattern&#8221;][vc_column width=&#8221;1\/2&#8243;][vc_empty_space height=&#8221;50&#8243;][vc_column_text css=&#8221;.vc_custom_1571665216002{padding-bottom: 20px !important;}&#8221;]<\/p>\n<h5><span lang=\"DA\">Mindre krom<\/span><\/h5>\n<p>[\/vc_column_text][vc_column_text css=&#8221;.vc_custom_1573114130144{padding-right: 30px !important;padding-bottom: 20px !important;}&#8221;]<span lang=\"DA\">Bestemmelserne har bidraget til forbedringer i produktionsprocessen af r\u00e5materialer til vores m\u00f8bler. Et godt eksempel p\u00e5 disse forbedringer er at der i dag benyttes langt mindre krom til garvningen af l\u00e6der. Nogle l\u00e6dertyper kan i dag derfor nemmere f\u00e5 patina af tidens brug, og det kan betragtes som et h\u00e6dersm\u00e6rke for en mere milj\u00f8bevidst produktionsproces.<\/span><\/p>\n<p><span lang=\"DA\">\u00a0<\/span>[\/vc_column_text][\/vc_column][vc_column width=&#8221;1\/2&#8243;][vc_single_image image=&#8221;16032&#8243; img_size=&#8221;full&#8221; qode_css_animation=&#8221;&#8221;][\/vc_column][\/vc_row][vc_row css_animation=&#8221;&#8221; row_type=&#8221;row&#8221; use_row_as_full_screen_section=&#8221;no&#8221; type=&#8221;full_width&#8221; angled_section=&#8221;no&#8221; text_align=&#8221;left&#8221; background_image_as_pattern=&#8221;without_pattern&#8221;][vc_column][vc_empty_space height=&#8221;80&#8243;][\/vc_column][\/vc_row]<\/p>\n<\/div>","protected":false},"excerpt":{"rendered":"<p>[vc_row css_animation=&#8221;&#8221; row_type=&#8221;row&#8221; use_row_as_full_screen_section=&#8221;no&#8221; type=&#8221;full_width&#8221; angled_section=&#8221;no&#8221; text_align=&#8221;left&#8221; background_image_as_pattern=&#8221;without_pattern&#8221; z_index=&#8221;&#8221; css=&#8221;.vc_custom_1568201304502{margin-bottom: 50px !important;}&#8221;][vc_column width=&#8221;1\/2&#8243;][vc_single_image image=&#8221;16403&#8243; img_size=&#8221;full&#8221; qode_css_animation=&#8221;&#8221;][\/vc_column][vc_column width=&#8221;1\/2&#8243;][vc_empty_space height=&#8221;50&#8243;][vc_column_text css=&#8221;.vc_custom_1568186089875{padding-bottom: 20px !important;}&#8221;] Milj\u00f8 [\/vc_column_text][vc_column_text css=&#8221;.vc_custom_1574842806952{padding-right: 30px !important;padding-bottom: 20px !important;}&#8221;] Hos Hjort Knudsen er der l\u00f8bende kritiske overvejelser ang\u00e5ende produktionsprocesserne \u2013 ogs\u00e5 i forhold til at producere&#8230;<\/p>\n","protected":false},"author":1,"featured_media":0,"parent":15317,"menu_order":0,"comment_status":"closed","ping_status":"closed","template":"","meta":{"footnotes":""},"class_list":["post-15921","page","type-page","status-publish","hentry"],"aioseo_notices":[],"_links":{"self":[{"href":"https:\/\/hjortknudsen.com\/da\/wp-json\/wp\/v2\/pages\/15921","targetHints":{"allow":["GET"]}}],"collection":[{"href":"https:\/\/hjortknudsen.com\/da\/wp-json\/wp\/v2\/pages"}],"about":[{"href":"https:\/\/hjortknudsen.com\/da\/wp-json\/wp\/v2\/types\/page"}],"author":[{"embeddable":true,"href":"https:\/\/hjortknudsen.com\/da\/wp-json\/wp\/v2\/users\/1"}],"replies":[{"embeddable":true,"href":"https:\/\/hjortknudsen.com\/da\/wp-json\/wp\/v2\/comments?post=15921"}],"version-history":[{"count":32,"href":"https:\/\/hjortknudsen.com\/da\/wp-json\/wp\/v2\/pages\/15921\/revisions"}],"predecessor-version":[{"id":18212,"href":"https:\/\/hjortknudsen.com\/da\/wp-json\/wp\/v2\/pages\/15921\/revisions\/18212"}],"up":[{"embeddable":true,"href":"https:\/\/hjortknudsen.com\/da\/wp-json\/wp\/v2\/pages\/15317"}],"wp:attachment":[{"href":"https:\/\/hjortknudsen.com\/da\/wp-json\/wp\/v2\/media?parent=15921"}],"curies":[{"name":"wp","href":"https:\/\/api.w.org\/{rel}","templated":true}]}}