{"id":17796,"date":"2019-11-12T12:00:27","date_gmt":"2019-11-12T11:00:27","guid":{"rendered":"http:\/\/test.hjortknudsen.dk\/?page_id=17796"},"modified":"2025-10-30T09:29:25","modified_gmt":"2025-10-30T08:29:25","slug":"a-nordic-feeling","status":"publish","type":"page","link":"https:\/\/hjortknudsen.com\/da\/insight\/a-nordic-feeling\/","title":{"rendered":"A nordic feeling"},"content":{"rendered":"<div class=\"wpb-content-wrapper\"><p>[vc_row css_animation=&#8221;&#8221; row_type=&#8221;row&#8221; use_row_as_full_screen_section=&#8221;no&#8221; type=&#8221;full_width&#8221; angled_section=&#8221;no&#8221; text_align=&#8221;left&#8221; background_image_as_pattern=&#8221;without_pattern&#8221;][vc_column][vc_column_text css=&#8221;&#8221;]<\/p>\n<h3 style=\"text-align: center;\">Lyse toner, design klassikere, naturlige materialer og moderne tr\u00e6sorter&#8230;<\/h3>\n<p>[\/vc_column_text][vc_empty_space height=&#8221;50px&#8221;][\/vc_column][\/vc_row][vc_row css_animation=&#8221;&#8221; row_type=&#8221;row&#8221; use_row_as_full_screen_section=&#8221;no&#8221; type=&#8221;full_width&#8221; angled_section=&#8221;no&#8221; text_align=&#8221;left&#8221; background_image_as_pattern=&#8221;without_pattern&#8221;][vc_column][vc_single_image image=&#8221;20688&#8243; img_size=&#8221;1100&#215;770&#8243; css=&#8221;&#8221; qode_css_animation=&#8221;&#8221;][\/vc_column][\/vc_row][vc_row css_animation=&#8221;&#8221; row_type=&#8221;row&#8221; use_row_as_full_screen_section=&#8221;no&#8221; type=&#8221;full_width&#8221; angled_section=&#8221;no&#8221; text_align=&#8221;left&#8221; background_image_as_pattern=&#8221;without_pattern&#8221;][vc_column][vc_empty_space height=&#8221;50&#8243;][\/vc_column][\/vc_row][vc_row css_animation=&#8221;&#8221; row_type=&#8221;row&#8221; use_row_as_full_screen_section=&#8221;no&#8221; type=&#8221;full_width&#8221; angled_section=&#8221;no&#8221; text_align=&#8221;left&#8221; background_image_as_pattern=&#8221;without_pattern&#8221; z_index=&#8221;&#8221; background_image=&#8221;17856&#8243;][vc_column]<blockquote class=' with_quote_icon' style=''><i class='fa fa-quote-right' style='color: #000000;'><\/i><h5 class='blockquote-text' style=' line-height: 100px;'>Den skandinaviske f\u00f8lelse er overalt omkring dig...<\/h5><\/blockquote>[\/vc_column][\/vc_row][vc_row css_animation=&#8221;&#8221; row_type=&#8221;row&#8221; use_row_as_full_screen_section=&#8221;no&#8221; type=&#8221;full_width&#8221; angled_section=&#8221;no&#8221; text_align=&#8221;left&#8221; background_image_as_pattern=&#8221;without_pattern&#8221;][vc_column][vc_empty_space height=&#8221;50&#8243;][\/vc_column][\/vc_row][vc_row css_animation=&#8221;&#8221; row_type=&#8221;row&#8221; use_row_as_full_screen_section=&#8221;no&#8221; type=&#8221;full_width&#8221; angled_section=&#8221;no&#8221; text_align=&#8221;left&#8221; background_image_as_pattern=&#8221;without_pattern&#8221;][vc_column width=&#8221;1\/6&#8243; css=&#8221;.vc_custom_1574241817520{margin-bottom: 50px !important;}&#8221;][vc_column_text css=&#8221;.vc_custom_1575018464174{margin-top: 70px !important;}&#8221;]Stilfulde og funktionelle sofaer, der kan designes til at opfylde individuelle \u00f8nsker.[\/vc_column_text][\/vc_column][vc_column width=&#8221;5\/6&#8243;][vc_gallery interval=&#8221;3&#8243; images=&#8221;19390,19384,19398&#8243; img_size=&#8221;full&#8221; onclick=&#8221;&#8221; direction_nav=&#8221;no&#8221; control_nav=&#8221;yes&#8221; pause_on_hover=&#8221;yes&#8221;][\/vc_column][\/vc_row][vc_row css_animation=&#8221;&#8221; row_type=&#8221;row&#8221; use_row_as_full_screen_section=&#8221;no&#8221; type=&#8221;full_width&#8221; angled_section=&#8221;no&#8221; text_align=&#8221;left&#8221; background_image_as_pattern=&#8221;without_pattern&#8221;][vc_column][vc_empty_space][\/vc_column][\/vc_row][vc_row css_animation=&#8221;&#8221; row_type=&#8221;row&#8221; use_row_as_full_screen_section=&#8221;no&#8221; type=&#8221;full_width&#8221; angled_section=&#8221;no&#8221; text_align=&#8221;left&#8221; background_image_as_pattern=&#8221;without_pattern&#8221; z_index=&#8221;&#8221;][vc_column width=&#8221;1\/3&#8243;][vc_gallery interval=&#8221;0&#8243; images=&#8221;17969&#8243; img_size=&#8221;349&#215;197&#8243; onclick=&#8221;&#8221; direction_nav=&#8221;no&#8221;][vc_column_text css=&#8221;.vc_custom_1574929412528{margin-bottom: 50px !important;}&#8221;]Der er lagt ekstra fokus p\u00e5 \u00e6stetik og funktionalitet i l\u00e6nestole fra Hjort Knudsen[\/vc_column_text][\/vc_column][vc_column width=&#8221;1\/3&#8243;][vc_gallery interval=&#8221;0&#8243; images=&#8221;17909&#8243; img_size=&#8221;349&#215;197&#8243; onclick=&#8221;&#8221; direction_nav=&#8221;no&#8221;][vc_column_text css=&#8221;.vc_custom_1574929515918{margin-bottom: 50px !important;}&#8221;]Bring naturen ind i hjemmet med plankeborde i skandinavisk stil[\/vc_column_text][\/vc_column][vc_column width=&#8221;1\/3&#8243;][vc_raw_html]JTNDZGl2JTIwaXRlbXNjb3BlJTIwaXRlbXR5cGUlM0QlMjJodHRwcyUzQSUyRiUyRnNjaGVtYS5vcmclMkZWaWRlb09iamVjdCUyMiUzRSUzQ21ldGElMjBpdGVtcHJvcCUzRCUyMnVwbG9hZERhdGUlMjIlMjBjb250ZW50JTNEJTIyV2VkJTIwU2VwJTIwMDQlMjAyMDE5JTIwMTAlM0E1MSUzQTAzJTIwR01UJTJCMDIwMCUyMCUyOENFU1QlMjklMjIlMkYlM0UlM0NtZXRhJTIwaXRlbXByb3AlM0QlMjJuYW1lJTIyJTIwY29udGVudCUzRCUyMjIwMTkuMDkuMDMlMjAtJTIwQmFsYW5jZSUyMEVsZWN0cmljJTIwQ2hhaXIlMjIlMkYlM0UlM0NtZXRhJTIwaXRlbXByb3AlM0QlMjJkdXJhdGlvbiUyMiUyMGNvbnRlbnQlM0QlMjJQVDM5LjJTJTIyJTIwJTJGJTNFJTNDbWV0YSUyMGl0ZW1wcm9wJTNEJTIydGh1bWJuYWlsVXJsJTIyJTIwY29udGVudCUzRCUyMmh0dHBzJTNBJTJGJTJGY29udGVudC5qd3BsYXRmb3JtLmNvbSUyRnRodW1icyUyRjdCVzM0bHpwLTE5MjAuanBnJTIyJTJGJTNFJTNDbWV0YSUyMGl0ZW1wcm9wJTNEJTIyY29udGVudFVybCUyMiUyMGNvbnRlbnQlM0QlMjJodHRwcyUzQSUyRiUyRmNvbnRlbnQuandwbGF0Zm9ybS5jb20lMkZ2aWRlb3MlMkY3QlczNGx6cC04MGJMcE9vQy5tcDQlMjIlMkYlM0UlM0NzY3JpcHQlMjBzcmMlM0QlMjJodHRwcyUzQSUyRiUyRmNkbi5qd3BsYXllci5jb20lMkZwbGF5ZXJzJTJGN0JXMzRsenAtcmVzSGlYS28uanMlMjIlM0UlM0MlMkZzY3JpcHQlM0UlM0MlMkZkaXYlM0U=[\/vc_raw_html][vc_column_text css=&#8221;.vc_custom_1574929602366{margin-top: 61px !important;}&#8221;]Designet til afslapning&#8230;.[\/vc_column_text][\/vc_column][\/vc_row][vc_row css_animation=&#8221;&#8221; row_type=&#8221;row&#8221; use_row_as_full_screen_section=&#8221;no&#8221; type=&#8221;full_width&#8221; angled_section=&#8221;no&#8221; text_align=&#8221;left&#8221; background_image_as_pattern=&#8221;without_pattern&#8221;][vc_column][vc_empty_space height=&#8221;80&#8243;][\/vc_column][\/vc_row]<\/p>\n<\/div>","protected":false},"excerpt":{"rendered":"<p>[vc_row css_animation=&#8221;&#8221; row_type=&#8221;row&#8221; use_row_as_full_screen_section=&#8221;no&#8221; type=&#8221;full_width&#8221; angled_section=&#8221;no&#8221; text_align=&#8221;left&#8221; background_image_as_pattern=&#8221;without_pattern&#8221;][vc_column][vc_column_text css=&#8221;&#8221;] Lyse toner, design klassikere, naturlige materialer og moderne tr\u00e6sorter&#8230; [\/vc_column_text][vc_empty_space height=&#8221;50px&#8221;][\/vc_column][\/vc_row][vc_row css_animation=&#8221;&#8221; row_type=&#8221;row&#8221; use_row_as_full_screen_section=&#8221;no&#8221; type=&#8221;full_width&#8221; angled_section=&#8221;no&#8221; text_align=&#8221;left&#8221; background_image_as_pattern=&#8221;without_pattern&#8221;][vc_column][vc_single_image image=&#8221;20688&#8243; img_size=&#8221;1100&#215;770&#8243; css=&#8221;&#8221; qode_css_animation=&#8221;&#8221;][\/vc_column][\/vc_row][vc_row css_animation=&#8221;&#8221; row_type=&#8221;row&#8221; use_row_as_full_screen_section=&#8221;no&#8221; type=&#8221;full_width&#8221; angled_section=&#8221;no&#8221; text_align=&#8221;left&#8221; background_image_as_pattern=&#8221;without_pattern&#8221;][vc_column][vc_empty_space height=&#8221;50&#8243;][\/vc_column][\/vc_row][vc_row css_animation=&#8221;&#8221; row_type=&#8221;row&#8221; use_row_as_full_screen_section=&#8221;no&#8221; type=&#8221;full_width&#8221; angled_section=&#8221;no&#8221; text_align=&#8221;left&#8221;&#8230;<\/p>\n","protected":false},"author":1,"featured_media":0,"parent":17792,"menu_order":0,"comment_status":"closed","ping_status":"closed","template":"","meta":{"footnotes":""},"class_list":["post-17796","page","type-page","status-publish","hentry"],"aioseo_notices":[],"_links":{"self":[{"href":"https:\/\/hjortknudsen.com\/da\/wp-json\/wp\/v2\/pages\/17796","targetHints":{"allow":["GET"]}}],"collection":[{"href":"https:\/\/hjortknudsen.com\/da\/wp-json\/wp\/v2\/pages"}],"about":[{"href":"https:\/\/hjortknudsen.com\/da\/wp-json\/wp\/v2\/types\/page"}],"author":[{"embeddable":true,"href":"https:\/\/hjortknudsen.com\/da\/wp-json\/wp\/v2\/users\/1"}],"replies":[{"embeddable":true,"href":"https:\/\/hjortknudsen.com\/da\/wp-json\/wp\/v2\/comments?post=17796"}],"version-history":[{"count":78,"href":"https:\/\/hjortknudsen.com\/da\/wp-json\/wp\/v2\/pages\/17796\/revisions"}],"predecessor-version":[{"id":20703,"href":"https:\/\/hjortknudsen.com\/da\/wp-json\/wp\/v2\/pages\/17796\/revisions\/20703"}],"up":[{"embeddable":true,"href":"https:\/\/hjortknudsen.com\/da\/wp-json\/wp\/v2\/pages\/17792"}],"wp:attachment":[{"href":"https:\/\/hjortknudsen.com\/da\/wp-json\/wp\/v2\/media?parent=17796"}],"curies":[{"name":"wp","href":"https:\/\/api.w.org\/{rel}","templated":true}]}}