{"id":18227,"date":"2019-11-27T14:35:07","date_gmt":"2019-11-27T13:35:07","guid":{"rendered":"http:\/\/test.hjortknudsen.dk\/?page_id=18227"},"modified":"2025-10-30T09:02:46","modified_gmt":"2025-10-30T08:02:46","slug":"a-classic-touch","status":"publish","type":"page","link":"https:\/\/hjortknudsen.com\/da\/insight\/a-classic-touch\/","title":{"rendered":"A Classic Touch"},"content":{"rendered":"<div class=\"wpb-content-wrapper\"><p>[vc_row css_animation=&#8221;&#8221; row_type=&#8221;row&#8221; use_row_as_full_screen_section=&#8221;no&#8221; type=&#8221;full_width&#8221; angled_section=&#8221;no&#8221; text_align=&#8221;left&#8221; background_image_as_pattern=&#8221;without_pattern&#8221;][vc_column][vc_column_text]<\/p>\n<h3 style=\"text-align: center;\">Elegante og tidsl\u00f8se m\u00f8bler med fokus p\u00e5 komfort og godt h\u00e5ndv\u00e6rk<\/h3>\n<p>[\/vc_column_text][vc_empty_space][vc_single_image image=&#8221;20670&#8243; img_size=&#8221;1100&#215;770&#8243; css=&#8221;&#8221; qode_css_animation=&#8221;&#8221;][\/vc_column][\/vc_row][vc_row css_animation=&#8221;&#8221; row_type=&#8221;row&#8221; use_row_as_full_screen_section=&#8221;no&#8221; type=&#8221;full_width&#8221; angled_section=&#8221;no&#8221; text_align=&#8221;left&#8221; background_image_as_pattern=&#8221;without_pattern&#8221;][vc_column][vc_empty_space height=&#8221;50&#8243;][\/vc_column][\/vc_row][vc_row css_animation=&#8221;&#8221; row_type=&#8221;row&#8221; use_row_as_full_screen_section=&#8221;no&#8221; type=&#8221;full_width&#8221; angled_section=&#8221;no&#8221; text_align=&#8221;left&#8221; background_image_as_pattern=&#8221;without_pattern&#8221; z_index=&#8221;&#8221; background_image=&#8221;18548&#8243;][vc_column][vc_column_text css=&#8221;.vc_custom_1575018405470{padding-top: 50px !important;padding-bottom: 50px !important;}&#8221;]<\/p>\n<h4 style=\"text-align: center;\">Giv hjemmet et eksklusivt og moderne pr\u00e6g med stilfulde og komfortable m\u00f8bler<\/h4>\n<p>[\/vc_column_text][\/vc_column][\/vc_row][vc_row css_animation=&#8221;&#8221; row_type=&#8221;row&#8221; use_row_as_full_screen_section=&#8221;no&#8221; type=&#8221;full_width&#8221; angled_section=&#8221;no&#8221; text_align=&#8221;left&#8221; background_image_as_pattern=&#8221;without_pattern&#8221;][vc_column][vc_empty_space height=&#8221;50&#8243;][\/vc_column][\/vc_row][vc_row css_animation=&#8221;&#8221; row_type=&#8221;row&#8221; use_row_as_full_screen_section=&#8221;no&#8221; type=&#8221;full_width&#8221; angled_section=&#8221;no&#8221; text_align=&#8221;left&#8221; background_image_as_pattern=&#8221;without_pattern&#8221;][vc_column width=&#8221;1\/2&#8243;][vc_gallery interval=&#8221;0&#8243; images=&#8221;18558&#8243; img_size=&#8221;full&#8221; onclick=&#8221;&#8221; direction_nav=&#8221;no&#8221; control_nav=&#8221;no&#8221;][\/vc_column][vc_column width=&#8221;1\/2&#8243;][vc_gallery interval=&#8221;0&#8243; images=&#8221;19340&#8243; img_size=&#8221;full&#8221; onclick=&#8221;&#8221; direction_nav=&#8221;no&#8221; control_nav=&#8221;no&#8221;][\/vc_column][\/vc_row][vc_row css_animation=&#8221;&#8221; row_type=&#8221;row&#8221; use_row_as_full_screen_section=&#8221;no&#8221; type=&#8221;full_width&#8221; angled_section=&#8221;no&#8221; text_align=&#8221;left&#8221; background_image_as_pattern=&#8221;without_pattern&#8221;][vc_column][\/vc_column][\/vc_row][vc_row css_animation=&#8221;&#8221; row_type=&#8221;row&#8221; use_row_as_full_screen_section=&#8221;no&#8221; type=&#8221;full_width&#8221; angled_section=&#8221;no&#8221; text_align=&#8221;left&#8221; background_image_as_pattern=&#8221;without_pattern&#8221;][vc_column][vc_gallery interval=&#8221;3&#8243; images=&#8221;19325,19331&#8243; img_size=&#8221;full&#8221; onclick=&#8221;&#8221; enable_drag=&#8221;no&#8221; direction_nav=&#8221;no&#8221; control_nav=&#8221;no&#8221;][\/vc_column][\/vc_row][vc_row css_animation=&#8221;&#8221; row_type=&#8221;row&#8221; use_row_as_full_screen_section=&#8221;no&#8221; type=&#8221;full_width&#8221; angled_section=&#8221;no&#8221; text_align=&#8221;left&#8221; background_image_as_pattern=&#8221;without_pattern&#8221;][vc_column][vc_empty_space height=&#8221;80&#8243;][\/vc_column][\/vc_row]<\/p>\n<\/div>","protected":false},"excerpt":{"rendered":"<p>[vc_row css_animation=&#8221;&#8221; row_type=&#8221;row&#8221; use_row_as_full_screen_section=&#8221;no&#8221; type=&#8221;full_width&#8221; angled_section=&#8221;no&#8221; text_align=&#8221;left&#8221; background_image_as_pattern=&#8221;without_pattern&#8221;][vc_column][vc_column_text] Elegante og tidsl\u00f8se m\u00f8bler med fokus p\u00e5 komfort og godt h\u00e5ndv\u00e6rk [\/vc_column_text][vc_empty_space][vc_single_image image=&#8221;20670&#8243; img_size=&#8221;1100&#215;770&#8243; css=&#8221;&#8221; qode_css_animation=&#8221;&#8221;][\/vc_column][\/vc_row][vc_row css_animation=&#8221;&#8221; row_type=&#8221;row&#8221; use_row_as_full_screen_section=&#8221;no&#8221; type=&#8221;full_width&#8221; angled_section=&#8221;no&#8221; text_align=&#8221;left&#8221; background_image_as_pattern=&#8221;without_pattern&#8221;][vc_column][vc_empty_space height=&#8221;50&#8243;][\/vc_column][\/vc_row][vc_row css_animation=&#8221;&#8221; row_type=&#8221;row&#8221; use_row_as_full_screen_section=&#8221;no&#8221; type=&#8221;full_width&#8221; angled_section=&#8221;no&#8221; text_align=&#8221;left&#8221; background_image_as_pattern=&#8221;without_pattern&#8221; z_index=&#8221;&#8221; background_image=&#8221;18548&#8243;][vc_column][vc_column_text css=&#8221;.vc_custom_1575018405470{padding-top: 50px !important;padding-bottom: 50px&#8230;<\/p>\n","protected":false},"author":1,"featured_media":0,"parent":17792,"menu_order":0,"comment_status":"closed","ping_status":"closed","template":"","meta":{"footnotes":""},"class_list":["post-18227","page","type-page","status-publish","hentry"],"aioseo_notices":[],"_links":{"self":[{"href":"https:\/\/hjortknudsen.com\/da\/wp-json\/wp\/v2\/pages\/18227","targetHints":{"allow":["GET"]}}],"collection":[{"href":"https:\/\/hjortknudsen.com\/da\/wp-json\/wp\/v2\/pages"}],"about":[{"href":"https:\/\/hjortknudsen.com\/da\/wp-json\/wp\/v2\/types\/page"}],"author":[{"embeddable":true,"href":"https:\/\/hjortknudsen.com\/da\/wp-json\/wp\/v2\/users\/1"}],"replies":[{"embeddable":true,"href":"https:\/\/hjortknudsen.com\/da\/wp-json\/wp\/v2\/comments?post=18227"}],"version-history":[{"count":30,"href":"https:\/\/hjortknudsen.com\/da\/wp-json\/wp\/v2\/pages\/18227\/revisions"}],"predecessor-version":[{"id":20685,"href":"https:\/\/hjortknudsen.com\/da\/wp-json\/wp\/v2\/pages\/18227\/revisions\/20685"}],"up":[{"embeddable":true,"href":"https:\/\/hjortknudsen.com\/da\/wp-json\/wp\/v2\/pages\/17792"}],"wp:attachment":[{"href":"https:\/\/hjortknudsen.com\/da\/wp-json\/wp\/v2\/media?parent=18227"}],"curies":[{"name":"wp","href":"https:\/\/api.w.org\/{rel}","templated":true}]}}