{"id":20840,"date":"2025-11-11T10:29:05","date_gmt":"2025-11-11T09:29:05","guid":{"rendered":"https:\/\/hjortknudsen.com\/?page_id=20840"},"modified":"2026-03-24T08:41:37","modified_gmt":"2026-03-24T07:41:37","slug":"messekalender","status":"publish","type":"page","link":"https:\/\/hjortknudsen.com\/da\/messekalender\/","title":{"rendered":"Messekalender"},"content":{"rendered":"<div class=\"wpb-content-wrapper\"><p>[vc_row css_animation=&#8221;&#8221; row_type=&#8221;row&#8221; use_row_as_full_screen_section=&#8221;no&#8221; type=&#8221;full_width&#8221; angled_section=&#8221;no&#8221; text_align=&#8221;left&#8221; background_image_as_pattern=&#8221;without_pattern&#8221;][vc_column][vc_empty_space height=&#8221;40&#8243;][vc_column_text css=&#8221;.vc_custom_1764832918002{padding-right: 40px !important;padding-left: 40px !important;}&#8221;]<\/p>\r\n<h2 style=\"text-align: center; font-size: 3em; font-weight: 400;\">Messes\u00e6sonen for 2025 er slut<\/h2>\r\n<p style=\"text-align: center; font-size: 1.5em; font-weight: 900; padding: 40px 0 40px 0px;\" data-start=\"136\" data-end=\"313\">Vi ser tilbage p\u00e5 et succesfuldt \u00e5r fyldt med gode samtaler og inspirerende m\u00f8der p\u00e5 de forskellige messer.<\/p>\r\n<p style=\"text-align: center; font-size: 1em;\" data-start=\"315\" data-end=\"453\">Messekalenderen for 2026 er nu klar, og vi gl\u00e6der os til at byde dig velkommen \u2013 uanset hvor vi m\u00f8des i 2026.<\/p>\r\n<p>&nbsp;<\/p>\r\n<p style=\"text-align: center; font-size: 1em;\" data-start=\"315\" data-end=\"453\"><strong data-start=\"571\" data-end=\"593\">Vi ses derude!<\/strong><\/p>\r\n<p>&nbsp;<\/p>\r\n<p>[\/vc_column_text][vc_empty_space height=&#8221;40px&#8221;][vc_column_text]<\/p>\r\n<p><p>[\/vc_column_text][vc_row_inner row_type=&#8221;row&#8221; type=&#8221;full_width&#8221; text_align=&#8221;left&#8221; css_animation=&#8221;&#8221;][vc_column_inner width=&#8221;1\/4&#8243; css=&#8221;.vc_custom_1762774900871{padding-right: 80px !important;padding-left: 80px !important;}&#8221; offset=&#8221;vc_col-lg-1\/5 vc_col-md-offset-0 vc_col-md-1\/5 vc_col-sm-offset-0&#8243;][\/vc_column_inner][vc_column_inner width=&#8221;1\/2&#8243; offset=&#8221;vc_col-lg-3\/5 vc_col-md-3\/5&#8243; css=&#8221;.vc_custom_1762775824956{padding-right: 0px !important;padding-left: 0px !important;}&#8221;][vc_empty_space height=&#8221;40&#8243;][vc_single_image image=&#8221;20896&#8243; img_size=&#8221;1100&#8243; alignment=&#8221;center&#8221; css=&#8221;&#8221; qode_css_animation=&#8221;&#8221;][vc_empty_space height=&#8221;80&#8243;][vc_column_text css=&#8221;.vc_custom_1764833043720{padding-right: 100px !important;padding-left: 100px !important;}&#8221;]<\/p>\n<h2 style=\"text-align: center;\">Messekalenderen for 2026.<\/h2>\n<p>&nbsp;<\/p>\n<p style=\"text-align: center;\">Kalenderen kan \u00e6ndre sig i l\u00f8bet af \u00e5ret. Derfor er det en god ide at kigge forbi fra tid til anden.<\/p>\n<p>&nbsp;<\/p>\n<p>[\/vc_column_text][vc_empty_space height=&#8221;80&#8243;][vc_raw_html css=&#8221;.vc_custom_1765354935950{margin-right: 20px !important;margin-left: 20px !important;}&#8221;]JTNDc3R5bGUlM0UlMEF0YWJsZSUyMCU3QiUwQSUyMCUyMCUyRiUyQSUyQWJvcmRlci1jb2xsYXBzZSUzQSUyMGNvbGxhcHNlJTNCJTJBJTJBJTJGJTBBJTIwJTIwYm9yZGVyLXNwYWNpbmclM0ElMjAwJTNCJTBBJTIwJTIwd2lkdGglM0ElMjAxMDAlMjUlM0IlMEElMjAlMjBib3JkZXIlM0ElMjAwcHglMjBzb2xpZCUyMCUyM2RkZCUzQiUwQSU3RCUwQSUwQXRoJTJDJTIwdGQlMjAlN0IlMEElMjAlMjBwYWRkaW5nJTNBJTIwMTBweCUzQiUwQSU3RCUwQSUwQXRkLnJlZCUyMCU3QmNvbG9yJTNBJTIzZmYwMDAwJTNCJTdEJTBBdGQuZ3JlZW4lMjAlN0Jjb2xvciUzQSUyMzJGQzI2RCUzQiU3RCUwQXRkLmJsdWUlMjAlN0Jjb2xvciUzQSUyMzJGNzhDMiUzQiU3RCUwQSUwQSUwQXRyJTNBbnRoLWNoaWxkJTI4b2RkJTI5JTdCYmFja2dyb3VuZC1jb2xvciUzQSUyMCUyM2ZmZmZmZiU3RCUwQXRyJTNBbnRoLWNoaWxkJTI4ZXZlbiUyOSU3QmJhY2tncm91bmQtY29sb3IlM0ElMjAlMjNmMmYyZjIlN0QlMEElMEElM0MlMkZzdHlsZSUzRSUwQSUwQSUzQ2gyJTNFTWVzc2VyJTIwaSUyMGZvciVDMyVBNXJldCUyMDIwMjYlM0MlMkZoMiUzRSUwQSUzQ3AlM0UlMjZuYnNwJTNCJTNDJTJGcCUzRSUwQSUwQSUwQSUzQ2RpdiUyMHN0eWxlJTNEJTIyb3ZlcmZsb3cteCUzQWF1dG8lM0IlMjIlM0UlMEElMjAlMjAlM0N0YWJsZSUzRSUwQSUyMCUyMCUyMCUyMCUzQ3RyJTNFJTBBJTIwJTIwJTIwJTIwJTIwJTIwJTNDdGglMjBzdHlsZSUzRCUyMnRleHQtYWxpZ24lM0FsZWZ0JTNCJTIyJTNFTUVTU0UlM0MlMkZ0aCUzRSUwQSUyMCUyMCUyMCUyMCUyMCUyMCUzQ3RoJTIwc3R5bGUlM0QlMjJ0ZXh0LWFsaWduJTNBcmlnaHQlM0IlMjIlM0VEQVRPJTNDJTJGdGglM0UlMEElMjAlMjAlMjAlMjAlM0MlMkZ0ciUzRSUwQSUyMCUyMCUyMCUyMCUwQSUyMCUyMCUyMCUyMCUzQ3RyJTNFJTBBJTIwJTIwJTIwJTIwJTIwJTIwJTNDdGQlMjBzdHlsZSUzRCUyMnRleHQtYWxpZ24lM0FsZWZ0JTNCJTIyJTIwY2xhc3MlM0QlMjJyZWQlMjIlM0VORUMlMkMlMjBCaXJtaW5naGFtJTJDJTIwVW5pdGVkJTIwS2luZ2RvbSUzQyUyRnRkJTNFJTBBJTIwJTIwJTIwJTIwJTIwJTIwJTNDdGQlMjBzdHlsZSUzRCUyMnRleHQtYWxpZ24lM0FyaWdodCUzQiUyMiUyMGNsYXNzJTNEJTIycmVkJTIyJTNFMTguJTIwJUUyJTgwJTkzJTIwMjEuJTIwSmFudWFyeSUyMDIwMjYlM0MlMkZ0ZCUzRSUwQSUyMCUyMCUyMCUyMCUzQyUyRnRyJTNFJTBBJTIwJTIwJTIwJTIwJTBBJTIwJTIwJTIwJTIwJTNDdHIlM0UlMEElMjAlMjAlMjAlMjAlMjAlMjAlM0N0ZCUyMHN0eWxlJTNEJTIydGV4dC1hbGlnbiUzQWxlZnQlM0IlMjIlMjBjbGFzcyUzRCUyMnJlZCUyMiUzRUJldXNpY2hlbSUyQyUyME5ldGhlcmxhbmQlM0MlMkZ0ZCUzRSUwQSUyMCUyMCUyMCUyMCUyMCUyMCUzQ3RkJTIwc3R5bGUlM0QlMjJ0ZXh0LWFsaWduJTNBcmlnaHQlM0IlMjIlMjBjbGFzcyUzRCUyMnJlZCUyMiUzRTI2LiUyMCVFMiU4MCU5MyUyMDI3LiUyMEphbnVhcnklMjAyMDI2JTNDJTJGdGQlM0UlMEElMjAlMjAlMjAlMjAlM0MlMkZ0ciUzRSUwQSUyMCUyMCUyMCUyMCUwQSUyMCUyMCUyMCUyMCUzQ3RyJTNFJTBBJTIwJTIwJTIwJTIwJTIwJTIwJTNDdGQlMjBzdHlsZSUzRCUyMnRleHQtYWxpZ24lM0FsZWZ0JTNCJTIyJTIwY2xhc3MlM0QlMjJyZWQlMjIlM0VCZXVzaWNoZW0lMkMlMjBOZXRoZXJsYW5kJTNDJTJGdGQlM0UlMEElMjAlMjAlMjAlMjAlMjAlMjAlM0N0ZCUyMHN0eWxlJTNEJTIydGV4dC1hbGlnbiUzQXJpZ2h0JTNCJTIyJTIwY2xhc3MlM0QlMjJyZWQlMjIlM0UyLiUyMCVFMiU4MCU5MyUyMDMuJTIwRmVicnVhcnklMjAyMDI2JTNDJTJGdGQlM0UlMEElMjAlMjAlMjAlMjAlM0MlMkZ0ciUzRSUwQSUyMCUyMCUyMCUyMCUwQSUyMCUyMCUyMCUyMCUzQ3RyJTNFJTBBJTIwJTIwJTIwJTIwJTIwJTIwJTNDdGQlMjBzdHlsZSUzRCUyMnRleHQtYWxpZ24lM0FsZWZ0JTNCJTIyJTIwY2xhc3MlM0QlMjJyZWQlMjIlM0VQYXJ0bmVydGFnZSUyQyUyMEJhZCUyMFNhbHp1ZmxlbiUyQyUyMEdlcm1hbnklM0MlMkZ0ZCUzRSUwQSUyMCUyMCUyMCUyMCUyMCUyMCUzQ3RkJTIwc3R5bGUlM0QlMjJ0ZXh0LWFsaWduJTNBcmlnaHQlM0IlMjIlMjBjbGFzcyUzRCUyMnJlZCUyMiUzRTI0LiUyMCVFMiU4MCU5MyUyMDI2LiUyME1hcmNoJTIwMjAyNiUzQyUyRnRkJTNFJTBBJTIwJTIwJTIwJTIwJTNDJTJGdHIlM0UlMEElMjAlMjAlMjAlMjAlMEElMjAlMjAlMjAlMjAlM0N0ciUzRSUwQSUyMCUyMCUyMCUyMCUyMCUyMCUzQ3RkJTIwc3R5bGUlM0QlMjJ0ZXh0LWFsaWduJTNBbGVmdCUzQiUyMiUyMGNsYXNzJTNEJTIycmVkJTIyJTNFU2Fsb25lJTIwZGVsJTIwTW9iaWxlJTJDJTIwTWlsYW5vJTJDJTIwSXRhbHklM0MlMkZ0ZCUzRSUwQSUyMCUyMCUyMCUyMCUyMCUyMCUzQ3RkJTIwc3R5bGUlM0QlMjJ0ZXh0LWFsaWduJTNBcmlnaHQlM0IlMjIlMjBjbGFzcyUzRCUyMnJlZCUyMiUzRTIxLiUyMCVFMiU4MCU5MyUyMDI2LiUyMEFwcmlsJTIwMjAyNiUzQyUyRnRkJTNFJTBBJTIwJTIwJTIwJTIwJTNDJTJGdHIlM0UlMEElMjAlMjAlMjAlMjAlMEElMjAlMjAlMjAlMjAlM0N0ciUzRSUwQSUyMCUyMCUyMCUyMCUyMCUyMCUzQ3RkJTIwc3R5bGUlM0QlMjJ0ZXh0LWFsaWduJTNBbGVmdCUzQiUyMiUyMGNsYXNzJTNEJTIycmVkJTIyJTNFSGlnaCUyMFBvaW50JTJDJTIwRnVybml0dXJlJTIwTWFya2V0JTJDJTIwVW5pdGVkJTIwU3RhdGVzJTNDJTJGdGQlM0UlMEElMjAlMjAlMjAlMjAlMjAlMjAlM0N0ZCUyMHN0eWxlJTNEJTIydGV4dC1hbGlnbiUzQXJpZ2h0JTNCJTIyJTIwY2xhc3MlM0QlMjJyZWQlMjIlM0UyNS4lMjAlRTIlODAlOTMlMjAyOS4lMjBBcHJpbCUyMDIwMjYlM0MlMkZ0ZCUzRSUwQSUyMCUyMCUyMCUyMCUzQyUyRnRyJTNFJTBBJTIwJTIwJTIwJTIwJTBBJTIwJTIwJTIwJTIwJTNDdHIlM0UlMEElMjAlMjAlMjAlMjAlMjAlMjAlM0N0ZCUyMHN0eWxlJTNEJTIydGV4dC1hbGlnbiUzQWxlZnQlM0IlMjIlMjBjbGFzcyUzRCUyMnJlZCUyMiUzRUZyZWRlcmljaWElMkMlMjBEZW5tYXJrJTNDJTJGdGQlM0UlMEElMjAlMjAlMjAlMjAlMjAlMjAlM0N0ZCUyMHN0eWxlJTNEJTIydGV4dC1hbGlnbiUzQXJpZ2h0JTNCJTIyJTIwY2xhc3MlM0QlMjJyZWQlMjIlM0UyNi4lMjAlRTIlODAlOTMlMjAyOS4lMjBBcHJpbCUyMDIwMjYlM0MlMkZ0ZCUzRSUwQSUyMCUyMCUyMCUyMCUzQyUyRnRyJTNFJTBBJTBBJTIwJTIwJTNDJTJGdGFibGUlM0UlMEElM0MlMkZkaXYlM0U=[\/vc_raw_html][vc_raw_html css=&#8221;.vc_custom_1774335224021{margin-right: 20px !important;margin-left: 20px !important;}&#8221;]JTNDc3R5bGUlM0UlMEF0YWJsZSUyMCU3QiUwQSUyMCUyMCUyRiUyQSUyQWJvcmRlci1jb2xsYXBzZSUzQSUyMGNvbGxhcHNlJTNCJTJBJTJBJTJGJTBBJTIwJTIwYm9yZGVyLXNwYWNpbmclM0ElMjAwJTNCJTBBJTIwJTIwd2lkdGglM0ElMjAxMDAlMjUlM0IlMEElMjAlMjBib3JkZXIlM0ElMjAwcHglMjBzb2xpZCUyMCUyM2RkZCUzQiUwQSU3RCUwQSUwQXRoJTJDJTIwdGQlMjAlN0IlMEElMjAlMjBwYWRkaW5nJTNBJTIwMTBweCUzQiUwQSU3RCUwQSUwQXRyJTNBbnRoLWNoaWxkJTI4b2RkJTI5JTdCYmFja2dyb3VuZC1jb2xvciUzQSUyMCUyM2ZmZmZmZiU3RCUwQXRyJTNBbnRoLWNoaWxkJTI4ZXZlbiUyOSU3QmJhY2tncm91bmQtY29sb3IlM0ElMjAlMjNmMmYyZjIlN0QlMEElMEElM0MlMkZzdHlsZSUzRSUwQSUwQSUzQ3AlM0UlMjZuYnNwJTNCJTNDJTJGcCUzRSUwQSUzQ2gyJTNFTWVzc2VyJTIwaSUyMGVmdGVyJUMzJUE1cmV0JTIwMjAyNiUzQyUyRmgyJTNFJTBBJTNDcCUzRSUyNm5ic3AlM0IlM0MlMkZwJTNFJTBBJTBBJTBBJTNDZGl2JTIwc3R5bGUlM0QlMjJvdmVyZmxvdy14JTNBYXV0byUzQiUyMiUzRSUwQSUyMCUyMCUzQ3RhYmxlJTNFJTBBJTIwJTIwJTIwJTIwJTNDdHIlM0UlMEElMjAlMjAlMjAlMjAlMjAlMjAlM0N0aCUyMHN0eWxlJTNEJTIydGV4dC1hbGlnbiUzQWxlZnQlM0IlMjIlM0VNRVNTRSUzQyUyRnRoJTNFJTBBJTIwJTIwJTIwJTIwJTIwJTIwJTNDdGglMjBzdHlsZSUzRCUyMnRleHQtYWxpZ24lM0FyaWdodCUzQiUyMiUzRURBVE8lM0MlMkZ0aCUzRSUwQSUyMCUyMCUyMCUyMCUzQyUyRnRyJTNFJTBBJTBBJTIwJTIwJTIwJTIwJTIwJTNDdHIlM0UlMEElMjAlMjAlMjAlMjAlMjAlMjAlM0N0ZCUyMHN0eWxlJTNEJTIydGV4dC1hbGlnbiUzQWxlZnQlM0IlMjIlMjBjbGFzcyUzRCUyMnJlZCUyMiUzRUJldXNpY2hlbSUyQyUyME5ldGhlcmxhbmQlM0MlMkZ0ZCUzRSUwQSUyMCUyMCUyMCUyMCUyMCUyMCUzQ3RkJTIwc3R5bGUlM0QlMjJ0ZXh0LWFsaWduJTNBcmlnaHQlM0IlMjIlMjBjbGFzcyUzRCUyMnJlZCUyMiUzRTMxLiUyMEF1Z3VzdCUyMCVFMiU4MCU5MyUyMDEuJTIwU2VwdGVtYmVyJTIwMjAyNiUzQyUyRnRkJTNFJTBBJTIwJTIwJTIwJTIwJTNDJTJGdHIlM0UlMEElMjAlMjAlMjAlMjAlM0N0ciUzRSUwQSUyMCUyMCUyMCUyMCUyMCUyMCUzQ3RkJTIwc3R5bGUlM0QlMjJ0ZXh0LWFsaWduJTNBbGVmdCUzQiUyMiUyMGNsYXNzJTNEJTIycmVkJTIyJTNFQmV1c2ljaGVtJTJDJTIwTmV0aGVybGFuZCUzQyUyRnRkJTNFJTBBJTIwJTIwJTIwJTIwJTIwJTIwJTNDdGQlMjBzdHlsZSUzRCUyMnRleHQtYWxpZ24lM0FyaWdodCUzQiUyMiUyMGNsYXNzJTNEJTIycmVkJTIyJTNFNy4lMjAlRTIlODAlOTMlMjA4LiUyMFNlcHRlbWJlciUyMDIwMjYlM0MlMkZ0ZCUzRSUwQSUyMCUyMCUyMCUyMCUzQyUyRnRyJTNFJTBBJTBBJTIwJTIwJTIwJTIwJTNDdHIlM0UlMEElMjAlMjAlMjAlMjAlMjAlMjAlM0N0ZCUyMHN0eWxlJTNEJTIydGV4dC1hbGlnbiUzQWxlZnQlM0IlMjIlMjBjbGFzcyUzRCUyMnJlZCUyMiUzRUZ1cm5pdHVyZSUyMEZhaXIlMkMlMjBHb3RoZW5idXJnJTNDJTJGdGQlM0UlMEElMjAlMjAlMjAlMjAlMjAlMjAlM0N0ZCUyMHN0eWxlJTNEJTIydGV4dC1hbGlnbiUzQXJpZ2h0JTNCJTIyJTIwY2xhc3MlM0QlMjJyZWQlMjIlM0U4LiUyMCVFMiU4MCU5MyUyMDEwLiUyMFNlcHRlbWJlciUyMDIwMjYlM0MlMkZ0ZCUzRSUwQSUyMCUyMCUyMCUyMCUzQyUyRnRyJTNFJTBBJTIwJTIwJTIwJTIwJTBBJTIwJTIwJTIwJTIwJTNDdHIlM0UlMEElMjAlMjAlMjAlMjAlMjAlMjAlM0N0ZCUyMHN0eWxlJTNEJTIydGV4dC1hbGlnbiUzQWxlZnQlM0IlMjIlMjBjbGFzcyUzRCUyMnJlZCUyMiUzRUZ1cm5pdHVyZSUyMENoaW5hJTJDJTIwU2hhbmdoYWklMjAlMjhTTklFQyUyOSUyQyUyMENoaW5hJTNDJTJGdGQlM0UlMEElMjAlMjAlMjAlMjAlMjAlMjAlM0N0ZCUyMHN0eWxlJTNEJTIydGV4dC1hbGlnbiUzQXJpZ2h0JTNCJTIyJTIwY2xhc3MlM0QlMjJyZWQlMjIlM0U4LiUyMCVFMiU4MCU5MyUyMDExLiUyMFNlcHRlbWJlciUyMDIwMjYlM0MlMkZ0ZCUzRSUwQSUyMCUyMCUyMCUyMCUzQyUyRnRyJTNFJTBBJTIwJTIwJTIwJTIwJTBBJTIwJTIwJTIwJTIwJTNDdHIlM0UlMEElMjAlMjAlMjAlMjAlMjAlMjAlM0N0ZCUyMHN0eWxlJTNEJTIydGV4dC1hbGlnbiUzQWxlZnQlM0IlMjIlMjBjbGFzcyUzRCUyMnJlZCUyMiUzRU1PVyUyQyUyMEJhZCUyMFNhbHp1ZmxlbiUyQyUyMEdlcm1hbnklM0MlMkZ0ZCUzRSUwQSUyMCUyMCUyMCUyMCUyMCUyMCUzQ3RkJTIwc3R5bGUlM0QlMjJ0ZXh0LWFsaWduJTNBcmlnaHQlM0IlMjIlMjBjbGFzcyUzRCUyMnJlZCUyMiUzRTIwLiUyMCVFMiU4MCU5MyUyMDI0LiUyMFNlcHRlbWJlciUyMDIwMjYlM0MlMkZ0ZCUzRSUwQSUyMCUyMCUyMCUyMCUzQyUyRnRyJTNFJTBBJTBBJTIwJTIwJTIwJTIwJTIwJTNDdHIlM0UlMEElMjAlMjAlMjAlMjAlMjAlMjAlM0N0ZCUyMHN0eWxlJTNEJTIydGV4dC1hbGlnbiUzQWxlZnQlM0IlMjIlMjBjbGFzcyUzRCUyMnJlZCUyMiUzRUZlcmlhSCVDMyVBMWJpdGF0JTJDJTIwVmFsJUMzJUE4bmNpYSUyQyUyMFNwYWluJTNDJTJGdGQlM0UlMEElMjAlMjAlMjAlMjAlMjAlMjAlM0N0ZCUyMHN0eWxlJTNEJTIydGV4dC1hbGlnbiUzQXJpZ2h0JTNCJTIyJTIwY2xhc3MlM0QlMjJyZWQlMjIlM0UyOC4lMjBTZXB0ZW1iZXIlMjAlRTIlODAlOTMlMjAxLiUyME9jdG9iZXIlMjAyMDI2JTNDJTJGdGQlM0UlMEElMjAlMjAlMjAlMjAlM0MlMkZ0ciUzRSUwQSUyMCUyMCUyMCUyMCUwQSUyMCUyMCUyMCUyMCUzQ3RyJTNFJTBBJTIwJTIwJTIwJTIwJTIwJTIwJTNDdGQlMjBzdHlsZSUzRCUyMnRleHQtYWxpZ24lM0FsZWZ0JTNCJTIyJTIwY2xhc3MlM0QlMjJyZWQlMjIlM0VIaWdoJTIwUG9pbnQlMkMlMjBGdXJuaXR1cmUlMjBNYXJrZXQlMkMlMjBVbml0ZWQlMjBTdGF0ZXMlM0MlMkZ0ZCUzRSUwQSUyMCUyMCUyMCUyMCUyMCUyMCUzQ3RkJTIwc3R5bGUlM0QlMjJ0ZXh0LWFsaWduJTNBcmlnaHQlM0IlMjIlMjBjbGFzcyUzRCUyMnJlZCUyMiUzRTE3LiUyMCVFMiU4MCU5MyUyMDIxLiUyME9jdG9iZXIlMjAyMDI2JTNDJTJGdGQlM0UlMEElMjAlMjAlMjAlMjAlM0MlMkZ0ciUzRSUwQSUyMCUyMCUyMCUyMCUzQ3RyJTNFJTBBJTIwJTIwJTIwJTIwJTIwJTIwJTNDdGQlMjBzdHlsZSUzRCUyMnRleHQtYWxpZ24lM0FsZWZ0JTNCJTIyJTIwY2xhc3MlM0QlMjJyZWQlMjIlM0VGdXJuaXR1cmUlMjBGYWlyJTJDJTIwQnJ1c3NlbCUyQyUyMEJlbGdpdW0lM0MlMkZ0ZCUzRSUwQSUyMCUyMCUyMCUyMCUyMCUyMCUzQ3RkJTIwc3R5bGUlM0QlMjJ0ZXh0LWFsaWduJTNBcmlnaHQlM0IlMjIlMjBjbGFzcyUzRCUyMnJlZCUyMiUzRTguJTIwJUUyJTgwJTkzJTIwMTEuJTIwTm92ZW1iZXIlMjAyMDI2JTNDJTJGdGQlM0UlMEElMjAlMjAlMjAlMjAlM0MlMkZ0ciUzRSUwQSUwQSUyMCUyMCUzQyUyRnRhYmxlJTNF[\/vc_raw_html][\/vc_column_inner][vc_column_inner width=&#8221;1\/4&#8243; css=&#8221;.vc_custom_1762774922838{padding-right: 80px !important;padding-left: 80px !important;}&#8221; offset=&#8221;vc_col-lg-1\/5 vc_col-md-offset-0 vc_col-md-1\/5 vc_col-sm-offset-0&#8243;][\/vc_column_inner][\/vc_row_inner][vc_empty_space height=&#8221;40&#8243;][\/vc_column][\/vc_row][vc_row css_animation=&#8221;&#8221; row_type=&#8221;row&#8221; use_row_as_full_screen_section=&#8221;no&#8221; type=&#8221;full_width&#8221; angled_section=&#8221;no&#8221; text_align=&#8221;left&#8221; background_image_as_pattern=&#8221;without_pattern&#8221;][vc_column][\/vc_column][\/vc_row][vc_row css_animation=&#8221;&#8221; row_type=&#8221;row&#8221; use_row_as_full_screen_section=&#8221;no&#8221; type=&#8221;full_width&#8221; angled_section=&#8221;no&#8221; text_align=&#8221;left&#8221; background_image_as_pattern=&#8221;without_pattern&#8221;][vc_column][vc_column_text]<\/p>\n<p>\n[\/vc_column_text][\/vc_column][\/vc_row]<\/p>\r\n<\/div>","protected":false},"excerpt":{"rendered":"<p>[vc_row css_animation=&#8221;&#8221; row_type=&#8221;row&#8221; use_row_as_full_screen_section=&#8221;no&#8221; type=&#8221;full_width&#8221; angled_section=&#8221;no&#8221; text_align=&#8221;left&#8221; background_image_as_pattern=&#8221;without_pattern&#8221;][vc_column][vc_empty_space height=&#8221;40&#8243;][vc_column_text css=&#8221;.vc_custom_1764832918002{padding-right: 40px !important;padding-left: 40px !important;}&#8221;] Messes\u00e6sonen for 2025 er slut Vi ser tilbage p\u00e5 et succesfuldt \u00e5r fyldt med gode samtaler og inspirerende m\u00f8der p\u00e5 de forskellige messer. Messekalenderen for 2026 er nu klar, og vi&#8230;<\/p>\n","protected":false},"author":1,"featured_media":0,"parent":0,"menu_order":0,"comment_status":"closed","ping_status":"closed","template":"full_width.php","meta":{"footnotes":""},"class_list":["post-20840","page","type-page","status-publish","hentry"],"aioseo_notices":[],"_links":{"self":[{"href":"https:\/\/hjortknudsen.com\/da\/wp-json\/wp\/v2\/pages\/20840","targetHints":{"allow":["GET"]}}],"collection":[{"href":"https:\/\/hjortknudsen.com\/da\/wp-json\/wp\/v2\/pages"}],"about":[{"href":"https:\/\/hjortknudsen.com\/da\/wp-json\/wp\/v2\/types\/page"}],"author":[{"embeddable":true,"href":"https:\/\/hjortknudsen.com\/da\/wp-json\/wp\/v2\/users\/1"}],"replies":[{"embeddable":true,"href":"https:\/\/hjortknudsen.com\/da\/wp-json\/wp\/v2\/comments?post=20840"}],"version-history":[{"count":25,"href":"https:\/\/hjortknudsen.com\/da\/wp-json\/wp\/v2\/pages\/20840\/revisions"}],"predecessor-version":[{"id":21272,"href":"https:\/\/hjortknudsen.com\/da\/wp-json\/wp\/v2\/pages\/20840\/revisions\/21272"}],"wp:attachment":[{"href":"https:\/\/hjortknudsen.com\/da\/wp-json\/wp\/v2\/media?parent=20840"}],"curies":[{"name":"wp","href":"https:\/\/api.w.org\/{rel}","templated":true}]}}